{"id":4056,"date":"2023-11-03T06:43:11","date_gmt":"2023-11-03T10:43:11","guid":{"rendered":"https:\/\/edisonlithium.com\/sodium-ion-properties\/"},"modified":"2026-03-05T07:58:09","modified_gmt":"2026-03-05T12:58:09","slug":"natrium-ionen-grundstuecke","status":"publish","type":"page","link":"https:\/\/edisonlithium.com\/de\/natrium-ionen-grundstuecke\/","title":{"rendered":"Natrium-Ionen-Grundst\u00fccke"},"content":{"rendered":"<div class=\"wpb-content-wrapper\"><p>[vc_row][vc_column width=&#8220;1\/2&#8243;][vc_column_text css=&#8220;.vc_custom_1772715284675{padding-bottom: 20px !important;}&#8220;]Ceylon Salt Lake, Blick von nord\u00f6stlich des Sees nach S\u00fcdwesten. Der See ist gr\u00f6\u00dftenteils ausgetrocknet, mit wei\u00dfem Salz (wahrscheinlich haupts\u00e4chlich Mirabilit) als Salzablagerung auf dem Playa-Seebett. Offenes Wasser im rechten Vordergrund aus einer Quelle im Seebett. Lachsrote Querfl\u00e4chen, wo das Quellwasser auf das zeitweise vorhandene Kristallbett \u00fcbergelaufen ist.[\/vc_column_text][vc_single_image image=&#8220;2098&#8243; img_size=&#8220;ws-medium&#8220; onclick=&#8220;link_image&#8220;][\/vc_column][vc_column width=&#8220;1\/2&#8243;][vc_single_image image=&#8220;3692&#8243; img_size=&#8220;ws-medium&#8220; css=&#8220;&#8220;][\/vc_column][\/vc_row][vc_row][vc_column width=&#8220;1\/2&#8243;][vc_column_text css=&#8220;.vc_custom_1772715298390{padding-bottom: 20px !important;}&#8220;]Ceylon Salt Lake, Blick von der Seeh\u00f6he in Richtung SSW. Offenes Wasser aus einer Quelle im Mittelgrund, dahinter wei\u00dfe Salzfl\u00e4chen und lachsfarbene Flecken.[\/vc_column_text][\/vc_column][vc_column width=&#8220;1\/2&#8243;][vc_single_image image=&#8220;2100&#8243; img_size=&#8220;ws-medium&#8220; onclick=&#8220;link_image&#8220;][\/vc_column][\/vc_row][vc_row][vc_column width=&#8220;1\/2&#8243;][vc_column_text css=&#8220;.vc_custom_1772715307876{padding-bottom: 20px !important;}&#8220;]Uferlinie entlang des nord\u00f6stlichen Randes des Sees. Das seilartige Material, das sich vom Ufer aus erstreckt, sind angeschwemmte Algenmatten.[\/vc_column_text][\/vc_column][vc_column width=&#8220;1\/2&#8243;][vc_single_image image=&#8220;2102&#8243; img_size=&#8220;ws-medium&#8220; onclick=&#8220;link_image&#8220;][\/vc_column][\/vc_row][vc_row][vc_column width=&#8220;1\/2&#8243;][vc_column_text css=&#8220;.vc_custom_1772715322643{padding-bottom: 20px !important;}&#8220;]Probenahme an einer Quelle am s\u00fcdlichen Ende des Sees, vor der K\u00fcste des ehemaligen Werksgel\u00e4ndes. Die niedrige rote Vegetation zwischen Kamera und Probenehmern ist Salicornia rubra (Rotes Queller), eine sukkulente Halophyte, die typisch f\u00fcr Salzfl\u00e4chen und die R\u00e4nder alkalischer Seen ist.[\/vc_column_text][\/vc_column][vc_column width=&#8220;1\/2&#8243;][vc_single_image image=&#8220;2104&#8243; img_size=&#8220;ws-medium&#8220; onclick=&#8220;link_image&#8220;][\/vc_column][\/vc_row][vc_row][vc_column width=&#8220;1\/2&#8243;][vc_column_text css=&#8220;.vc_custom_1772715336698{padding-bottom: 20px !important;}&#8220;]Blick nach Nordwesten in Richtung Nordende des Ceylon Salt Lake[\/vc_column_text][\/vc_column][vc_column width=&#8220;1\/2&#8243;][vc_single_image image=&#8220;2106&#8243; img_size=&#8220;ws-medium&#8220; onclick=&#8220;link_image&#8220;][\/vc_column][\/vc_row][vc_section css_animation=&#8220;bottom-to-top&#8220;][vc_row][vc_column width=&#8220;1\/2&#8243;][vc_column_text css=&#8220;&#8220;]Blick nach WSW von den H\u00fcgeln oberhalb der Ostseite des Cabri-Sees. Der See f\u00fchrt sehr wenig Wasser, es gibt kaum Anzeichen f\u00fcr die in Ceylon weit verbreiteten und best\u00e4ndigen Quellen, nur ein kleiner Teil des ausgetrockneten Seebetts ist wei\u00df von Alkaliablagerungen.[\/vc_column_text][\/vc_column][vc_column width=&#8220;1\/4&#8243;][vc_single_image image=&#8220;2096&#8243; img_size=&#8220;ws-medium&#8220; onclick=&#8220;link_image&#8220;][\/vc_column][vc_column width=&#8220;1\/4&#8243;][vc_single_image image=&#8220;2112&#8243; img_size=&#8220;ws-medium&#8220;][\/vc_column][\/vc_row][vc_row][vc_column][vc_empty_space][\/vc_column][\/vc_row][\/vc_section][vc_section css_animation=&#8220;bottom-to-top&#8220;][vc_row][vc_column][vc_empty_space][\/vc_column][\/vc_row][vc_row][vc_column width=&#8220;1\/2&#8243;][vc_column_text css=&#8220;&#8220;]Von der S\u00fcdk\u00fcste des Freefight Lake aus blickt man in Richtung WNW auf die Salzfl\u00e4che am westlichen Ende des Sees, die nur nach der Schneeschmelze im Fr\u00fchjahr unter Wasser steht. Das Wasser (Sole) im Hauptteil des Sees erreicht eine Tiefe von mehreren zehn Metern. Freefight wird von Last als der tiefste Salzsee Kanadas beschrieben. In der N\u00e4he der Oberfl\u00e4che ist das Wasser relativ frisch, in der Tiefe werden jedoch sehr hohe Salzgehalte gemessen.[\/vc_column_text][\/vc_column][vc_column width=&#8220;1\/4&#8243;][vc_single_image image=&#8220;2108&#8243; img_size=&#8220;ws-medium&#8220; onclick=&#8220;link_image&#8220;][\/vc_column][vc_column width=&#8220;1\/4&#8243;][vc_single_image image=&#8220;2118&#8243; img_size=&#8220;ws-medium&#8220;][\/vc_column][\/vc_row][vc_row][vc_column width=&#8220;1\/2&#8243; el_class=&#8220;vc_col-sm-push-6&#8243;][vc_column_text css=&#8220;&#8220;]Von der S\u00fcdk\u00fcste des Freefight Lake aus, Blick in Richtung NNO zum \u00f6stlichen Ende des Sees.[\/vc_column_text][\/vc_column][vc_column width=&#8220;1\/2&#8243; el_class=&#8220;vc_col-sm-pull-6&#8243;][vc_single_image image=&#8220;2110&#8243; img_size=&#8220;ws-medium&#8220; onclick=&#8220;link_image&#8220;][\/vc_column][\/vc_row][\/vc_section]<\/p>\n<\/div>","protected":false},"excerpt":{"rendered":"<p>[vc_row][vc_column width=&#8220;1\/2&#8243;][vc_column_text css=&#8220;.vc_custom_1772715284675{padding-bottom: 20px !important;}&#8220;]Ceylon Salt Lake, Blick von nord\u00f6stlich des Sees nach S\u00fcdwesten. Der See ist gr\u00f6\u00dftenteils ausgetrocknet, mit wei\u00dfem Salz (wahrscheinlich haupts\u00e4chlich Mirabilit) als Salzablagerung auf dem Playa-Seebett. Offenes Wasser im rechten Vordergrund aus einer Quelle im Seebett. Lachsrote Querfl\u00e4chen, wo das Quellwasser auf das zeitweise vorhandene Kristallbett \u00fcbergelaufen ist.[\/vc_column_text][vc_single_image image=&#8220;2098&#8243; img_size=&#8220;ws-medium&#8220; onclick=&#8220;link_image&#8220;][\/vc_column][vc_column [&hellip;]<\/p>\n","protected":false},"author":3,"featured_media":0,"parent":0,"menu_order":0,"comment_status":"closed","ping_status":"closed","template":"","meta":{"_acf_changed":false,"inline_featured_image":false,"footnotes":""},"class_list":["post-4056","page","type-page","status-publish","hentry"],"acf":[],"_links":{"self":[{"href":"https:\/\/edisonlithium.com\/de\/wp-json\/wp\/v2\/pages\/4056","targetHints":{"allow":["GET"]}}],"collection":[{"href":"https:\/\/edisonlithium.com\/de\/wp-json\/wp\/v2\/pages"}],"about":[{"href":"https:\/\/edisonlithium.com\/de\/wp-json\/wp\/v2\/types\/page"}],"author":[{"embeddable":true,"href":"https:\/\/edisonlithium.com\/de\/wp-json\/wp\/v2\/users\/3"}],"replies":[{"embeddable":true,"href":"https:\/\/edisonlithium.com\/de\/wp-json\/wp\/v2\/comments?post=4056"}],"version-history":[{"count":4,"href":"https:\/\/edisonlithium.com\/de\/wp-json\/wp\/v2\/pages\/4056\/revisions"}],"predecessor-version":[{"id":4060,"href":"https:\/\/edisonlithium.com\/de\/wp-json\/wp\/v2\/pages\/4056\/revisions\/4060"}],"wp:attachment":[{"href":"https:\/\/edisonlithium.com\/de\/wp-json\/wp\/v2\/media?parent=4056"}],"curies":[{"name":"wp","href":"https:\/\/api.w.org\/{rel}","templated":true}]}}