{"id":2881,"date":"2024-10-27T11:11:08","date_gmt":"2024-10-27T15:11:08","guid":{"rendered":"https:\/\/edisonlithium.com\/?page_id=2881"},"modified":"2026-03-05T08:02:19","modified_gmt":"2026-03-05T13:02:19","slug":"pinac-projekt","status":"publish","type":"page","link":"https:\/\/edisonlithium.com\/de\/pinac-projekt\/","title":{"rendered":"Pinac-Projekt"},"content":{"rendered":"<div class=\"wpb-content-wrapper\"><p>[vc_row][vc_column][vc_column_text css=&#8220;&#8220;]PINAC in Poman ist das gr\u00f6\u00dfte Solarkraftwerk im Nordwesten und das gr\u00f6\u00dfte S\u00fc\u00dfwasserreservoir und liegt 130 km von der Hauptstadt entfernt. Das PINAC-Projekt befindet sich entlang der PIPANACO-Route in Argentinien, einer Region, die reich an nat\u00fcrlichen Ressourcen und wichtiger Infrastruktur ist. Dieses Gebiet umfasst ein betr\u00e4chtliches S\u00fc\u00dfwasserreservoir, das Berichten zufolge Millionen Gallonen fasst und f\u00fcr potenzielle industrielle Anwendungen von entscheidender Bedeutung sein k\u00f6nnte. Das Vorhandensein von geothermischen hei\u00dfen Quellen, die hei\u00dfe Sole enthalten, unterstreicht das einzigartige Ressourcenpotenzial des PINAC-Standorts zus\u00e4tzlich.<\/p>\n<p><strong>Wichtige Ressourcen und strategische Lage<\/strong><\/p>\n<p>Die S\u00fc\u00dfwasserreserve am Standort PINAC ist eine der gr\u00f6\u00dften im Nordwesten Argentiniens und liegt etwa 130 km von der Hauptstadt entfernt. Dar\u00fcber hinaus befindet sich das Projekt in der N\u00e4he eines gro\u00dfen Solarkraftwerks in Poman, dem gr\u00f6\u00dften in der Region, das erneuerbare Energie liefert, die zuk\u00fcnftige industrielle Aktivit\u00e4ten unterst\u00fctzen k\u00f6nnte. Diese Kombination aus Wasserressourcen und Energieinfrastruktur macht das PINAC-Projekt zu einem attraktiven Gebiet f\u00fcr nachhaltige Entwicklungsm\u00f6glichkeiten. Wir besitzen 90.000 Acres auf dem Salar und verf\u00fcgen \u00fcber reichlich S\u00fc\u00dfwasser.<\/p>\n<p><strong>Kartierung des PINAC-Projekts<\/strong><\/p>\n<p>Karten des PINAC-Projekts veranschaulichen die Grenzen und wichtigsten Interessensgebiete innerhalb des Projektgebiets. Die rot umrandeten Abschnitte markieren Gebiete, die mit den Explorationsaktivit\u00e4ten von Edison Lithium Corp in Verbindung stehen, und bieten einen detaillierten \u00dcberblick \u00fcber die strategischen Standorte und die Ressourcenverteilung innerhalb des Standorts.[\/vc_column_text][\/vc_column][\/vc_row][vc_section css_animation=&#8220;bottom-to-top&#8220;][vc_row][vc_column width=&#8220;1\/3&#8243;][vc_single_image image=&#8220;2893&#8243; img_size=&#8220;full&#8220; onclick=&#8220;link_image&#8220; css=&#8220;&#8220;][\/vc_column][vc_column width=&#8220;1\/3&#8243;][vc_single_image image=&#8220;2889&#8243; img_size=&#8220;full&#8220; onclick=&#8220;link_image&#8220; css=&#8220;&#8220;][\/vc_column][vc_column width=&#8220;1\/3&#8243;][vc_single_image image=&#8220;2891&#8243; img_size=&#8220;full&#8220; onclick=&#8220;link_image&#8220; css=&#8220;&#8220;][\/vc_column][\/vc_row][\/vc_section][vc_row][vc_column][vc_column_text css=&#8220;&#8220;]<strong>Potenzial f\u00fcr zuk\u00fcnftige Entwicklung<\/strong><\/p>\n<p>Es besteht das Potenzial f\u00fcr Partnerschaften mit gro\u00dfen Unternehmen in Argentinien, die den Bau einer Verarbeitungsanlage am PINAC-Standort unterst\u00fctzen k\u00f6nnten. Eine solche Anlage w\u00fcrde es Bergbauunternehmen erm\u00f6glichen, Sole zur Verarbeitung an einen zentralen Ort zu bringen, wodurch die S\u00fc\u00dfwasserressourcen des Standorts genutzt und lokale Bergbauaktivit\u00e4ten gef\u00f6rdert w\u00fcrden.<\/p>\n<p><strong>Investitionsausblick<\/strong><\/p>\n<p>Argentinien verf\u00fcgt \u00fcber eine der weltweit gr\u00f6\u00dften Schiefer\u00f6lreserven, was die strategische Attraktivit\u00e4t des PINAC-Projekts zus\u00e4tzlich erh\u00f6ht. Mit seiner Kombination aus S\u00fc\u00dfwasserreserven und nahe gelegenen erneuerbaren Energiequellen bietet das PINAC-Projekt von Edison Lithium Corp eine einzigartige Gelegenheit f\u00fcr Investoren, die an Argentiniens ressourcenreichem Land interessiert sind.[\/vc_column_text][\/vc_column][\/vc_row]<\/p>\n<\/div>","protected":false},"excerpt":{"rendered":"<p>[vc_row][vc_column][vc_column_text css=&#8220;&#8220;]PINAC in Poman ist das gr\u00f6\u00dfte Solarkraftwerk im Nordwesten und das gr\u00f6\u00dfte S\u00fc\u00dfwasserreservoir und liegt 130 km von der Hauptstadt entfernt. Das PINAC-Projekt befindet sich entlang der PIPANACO-Route in Argentinien, einer Region, die reich an nat\u00fcrlichen Ressourcen und wichtiger Infrastruktur ist. Dieses Gebiet umfasst ein betr\u00e4chtliches S\u00fc\u00dfwasserreservoir, das Berichten zufolge Millionen Gallonen fasst und [&hellip;]<\/p>\n","protected":false},"author":3,"featured_media":0,"parent":0,"menu_order":3,"comment_status":"closed","ping_status":"closed","template":"","meta":{"_acf_changed":false,"inline_featured_image":false,"footnotes":""},"class_list":["post-2881","page","type-page","status-publish","hentry"],"acf":[],"_links":{"self":[{"href":"https:\/\/edisonlithium.com\/de\/wp-json\/wp\/v2\/pages\/2881","targetHints":{"allow":["GET"]}}],"collection":[{"href":"https:\/\/edisonlithium.com\/de\/wp-json\/wp\/v2\/pages"}],"about":[{"href":"https:\/\/edisonlithium.com\/de\/wp-json\/wp\/v2\/types\/page"}],"author":[{"embeddable":true,"href":"https:\/\/edisonlithium.com\/de\/wp-json\/wp\/v2\/users\/3"}],"replies":[{"embeddable":true,"href":"https:\/\/edisonlithium.com\/de\/wp-json\/wp\/v2\/comments?post=2881"}],"version-history":[{"count":4,"href":"https:\/\/edisonlithium.com\/de\/wp-json\/wp\/v2\/pages\/2881\/revisions"}],"predecessor-version":[{"id":4064,"href":"https:\/\/edisonlithium.com\/de\/wp-json\/wp\/v2\/pages\/2881\/revisions\/4064"}],"wp:attachment":[{"href":"https:\/\/edisonlithium.com\/de\/wp-json\/wp\/v2\/media?parent=2881"}],"curies":[{"name":"wp","href":"https:\/\/api.w.org\/{rel}","templated":true}]}}