{"id":1499,"date":"2021-10-22T13:41:47","date_gmt":"2021-10-22T17:41:47","guid":{"rendered":"https:\/\/edisonlithium.com\/legal\/"},"modified":"2022-11-11T13:53:16","modified_gmt":"2022-11-11T18:53:16","slug":"rechtliches","status":"publish","type":"page","link":"https:\/\/edisonlithium.com\/de\/rechtliches\/","title":{"rendered":"Rechtliches"},"content":{"rendered":"<div class=\"wpb-content-wrapper\"><p>[vc_row full_width=&#8220;stretch_row&#8220; css=&#8220;.vc_custom_1668192652647{margin-top: 30px !important;background-image: url(https:\/\/edisonlithium.com\/wp-content\/uploads\/2021\/10\/counters_content_bgr.svg?id=918) !important;}&#8220; el_class=&#8220;left-bottom-bgr-position-100height grey-bgr&#8220;][vc_column][vc_custom_heading source=&#8220;post_title&#8220; font_container=&#8220;tag:h1|text_align:left&#8220; use_theme_fonts=&#8220;yes&#8220;][vc_column_text]<strong>HAFTUNGSAUSSCHLUSS<\/strong><br \/>\nDie Website der Edison Lithium Corp. (das Unternehmen) wird den Aktion\u00e4ren des Unternehmens und der \u00d6ffentlichkeit als Serviceleistung zur Verf\u00fcgung gestellt. Die auf der Website des Unternehmens enthaltenen Aussagen und Mitteilungen dienen lediglich der Information. Sie stellen weder eine Aufforderung noch ein Angebot oder eine Empfehlung zum Kauf oder Verkauf von Wertpapieren oder zur Durchf\u00fchrung anderer Transaktionen dar. F\u00fcr die auf der Website publizierten Informationen und Meinungen wird keine Gew\u00e4hr geleistet, weder ausdr\u00fccklich noch implizit. Handlungen, die auf den dort gemachten Aussagen beruhen, liegen in der Verantwortung derjenigen, die sie vornehmen. Die Gesellschaft lehnt daher jegliche Haftung f\u00fcr Sch\u00e4den ab, die sich direkt oder indirekt aus der Nutzung, der Leistung oder der Konsultation der Website der Gesellschaft in Verbindung mit dem Zugriff auf die Website selbst oder auf andere mit ihr verbundene Websites ergeben k\u00f6nnen.<\/p>\n<p><strong>RECHTLICHER HINWEIS<\/strong><br \/>\nDie auf dieser Website enthaltenen Informationen sind nicht als umfassender \u00dcberblick \u00fcber alle das Unternehmen betreffenden Angelegenheiten und Entwicklungen gedacht, und das Unternehmen \u00fcbernimmt keine Verantwortung f\u00fcr deren Vollst\u00e4ndigkeit, Richtigkeit oder Aktualit\u00e4t. Diese Website kann zukunftsgerichtete Aussagen enthalten, die mit Risiken und Ungewissheiten verbunden sind, die das Gesch\u00e4ft und die Aussichten des Unternehmens beeintr\u00e4chtigen und dazu f\u00fchren k\u00f6nnen, dass die tats\u00e4chlichen Ergebnisse von den zukunftsgerichteten Aussagen abweichen. Insbesondere die Diagramme, Tabellen und Texte auf dieser Website k\u00f6nnen auf Sch\u00e4tzungen beruhen.<\/p>\n<p><strong>INFORMATIONEN K\u00d6NNEN SICH \u00c4NDERN<\/strong><br \/>\nIn keinem Fall haften das Unternehmen, seine Direktoren, leitenden Angestellten, Mitarbeiter, Vertreter, Berater oder Website-Entwickler f\u00fcr Nutzungsausfall, Datenverluste, Einkommens- oder Gewinneinbu\u00dfen, zuf\u00e4llige, besondere, indirekte oder Folgesch\u00e4den oder \u00e4hnliche Verluste oder Sch\u00e4den jeglicher Art, unabh\u00e4ngig davon, ob auf die M\u00f6glichkeit von Sch\u00e4den hingewiesen wurde oder nicht, und unabh\u00e4ngig von der Haftungstheorie, die sich aus oder in Verbindung mit der Nutzung der auf dieser Website enthaltenen Informationen ergeben. Wir gehen davon aus, dass die Informationen auf dieser Website korrekt sind, dennoch k\u00f6nnen technische Ungenauigkeiten oder typografische Fehler auftreten. Die Informationen auf dieser Website k\u00f6nnen \u00c4nderungen unterliegen. Das Unternehmen unterliegt den Auswirkungen von \u00c4nderungen der weltweiten Rohstoffpreise und den mit dem Bergbau verbundenen Risiken.<\/p>\n<p><strong>HAFTUNGSAUSSCHLUSS F\u00dcR RESSOURCENSCH\u00c4TZUNGEN<\/strong><br \/>\nAuf dieser Website werden m\u00f6glicherweise die Begriffe \u201egemessene\u201c, \u201eangezeigte\u201c und \u201eabgeleitete\u201c Ressourcen verwendet. US-Investoren werden darauf hingewiesen, dass diese Begriffe zwar von den kanadischen Vorschriften anerkannt und vorgeschrieben sind, die Securities and Exchange Commission sie jedoch nicht anerkennt. \u201eAbgeleitete Ressourcen\u201c sind mit gro\u00dfer Ungewissheit hinsichtlich ihrer Existenz und mit gro\u00dfer Ungewissheit hinsichtlich ihrer wirtschaftlichen Realisierbarkeit behaftet. Es kann nicht davon ausgegangen werden, dass alle oder ein Teil einer abgeleiteten Ressource jemals in eine h\u00f6here Kategorie aufgewertet wird. Gem\u00e4\u00df den kanadischen Bestimmungen d\u00fcrfen Sch\u00e4tzungen von abgeleiteten Ressourcen nicht die Grundlage f\u00fcr Machbarkeits- oder andere wirtschaftliche Studien bilden. US-Investoren sollten nicht davon ausgehen, dass alle oder ein Teil der gemessenen oder angezeigten Mineralressourcen jemals in Mineralreserven umgewandelt werden. US-Investoren sollten auch nicht davon ausgehen, dass alle oder ein Teil einer abgeleiteten Mineralressource existiert oder wirtschaftlich oder rechtlich abbaubar ist. Dementsprechend werden US-Investoren darauf hingewiesen, dass die auf dieser Website enthaltenen Informationen \u00fcber Mineralressourcen m\u00f6glicherweise nicht mit \u00e4hnlichen Informationen vergleichbar sind, die von US-amerikanischen Unternehmen ver\u00f6ffentlicht werden.<\/p>\n<p><strong>VORSICHTSHINWEIS F\u00dcR U.S. INVESTOREN ZU RESERVEN UND RESSOURCEN<\/strong><br \/>\nDie SEC erlaubt Bergbauunternehmen, in ihren Berichten an die SEC nur die Mineralvorkommen offenzulegen, die ein Unternehmen wirtschaftlich und rechtlich abbauen oder f\u00f6rdern kann. Wir verwenden auf dieser Website bestimmte Begriffe wie \u201eRessource\u201c, \u201eandere Ressourcen\u201c und \u201emineralisiertes Material\u201c, die wir gem\u00e4\u00df den SEC-Richtlinien in unseren Berichten an die SEC grunds\u00e4tzlich nicht verwenden d\u00fcrfen. U.S.-Investoren werden dringend gebeten, die Offenlegung in unseren bei der SEC eingereichten Unterlagen genau zu pr\u00fcfen. Sie k\u00f6nnen diese Einreichungen auf der Website der SEC unter www.sec.gov einsehen und Kopien davon erhalten.<\/p>\n<p><a href=\"https:\/\/www.sedar.com\/DisplayProfile.do?lang=EN&amp;issuerType=03&amp;issuerNo=00031390\" target=\"_blank\" rel=\"noopener\">SEC-Ver\u00f6ffentlichungen<\/a><\/p>\n<p><strong>VERLASSEN SIE SICH NICHT AUF AKTIENKURSINFORMATIONEN<\/strong><br \/>\nDas Unternehmen generiert die Informationen zu den Aktienkursen auf seiner Website nicht selbst. Wir gehen davon aus, dass die Aktienkursinformationen, die auf unserer Website erscheinen, korrekt sind, k\u00f6nnen jedoch nicht f\u00fcr die Richtigkeit, Vollst\u00e4ndigkeit oder Aktualit\u00e4t der Informationen garantieren. Sie sollten sich nicht auf die Aktienkursinformationen f\u00fcr Investitionszwecke verlassen. Wir sind nicht haftbar f\u00fcr Verluste oder Sch\u00e4den, ob direkt, beil\u00e4ufig, speziell, als Folge oder exemplarisch, die aus dem Vertrauen auf die Aktienkursinformationen auf unserer Website entstehen.<\/p>\n<p><strong>BESCHR\u00c4NKUNGEN F\u00dcR EXTERNE DATEN<\/strong><br \/>\nDas Unternehmen, seine Tochtergesellschaften und Drittanbieter sind nicht verantwortlich f\u00fcr Fehler oder Auslassungen in den Informationen, die auf dieser Website enthalten sind oder auf die \u00fcber diese Website zugegriffen wird. Alle Informationen auf dieser Website werden in der vorliegenden Form bereitgestellt. Das Unternehmen, seine verbundenen Unternehmen und Drittanbieter geben keine Garantien oder Zusicherungen und lehnen alle ausdr\u00fccklichen, stillschweigenden und gesetzlichen Garantien jeglicher Art gegen\u00fcber dem Nutzer und Dritten ab, einschlie\u00dflich, aber nicht beschr\u00e4nkt auf Garantien f\u00fcr Genauigkeit, Aktualit\u00e4t, Vollst\u00e4ndigkeit, Handelsf\u00e4higkeit, Nichtverletzung von Rechten und Eignung f\u00fcr einen bestimmten Zweck.<\/p>\n<p>Mit Ausnahme von Anspr\u00fcchen, die nach geltendem Recht nicht ausgeschlossen werden k\u00f6nnen, \u00fcbernehmen das Unternehmen, seine verbundenen Unternehmen und Drittanbieter keinerlei Haftung, einschlie\u00dflich, aber nicht beschr\u00e4nkt auf unerlaubte Handlungen, Vertr\u00e4ge oder sonstige Haftung gegen\u00fcber dem Nutzer oder Dritten, die sich aus der Nutzung oder dem Zugriff auf diese Website ergeben.<br \/>\nDas Unternehmen, seine Tochtergesellschaften oder Drittanbieter haften weder gegen\u00fcber dem Nutzer noch gegen\u00fcber Dritten f\u00fcr entgangenen Gewinn oder entgangene Gelegenheiten, direkte, indirekte, besondere Sch\u00e4den, Folgesch\u00e4den, beil\u00e4ufig entstandene Sch\u00e4den oder Sch\u00e4den mit Strafcharakter, selbst wenn das Unternehmen, seine Tochtergesellschaften oder Drittanbieter auf die M\u00f6glichkeit solcher Sch\u00e4den hingewiesen wurden.<\/p>\n<p>In einigen Rechtsordnungen ist der Ausschluss oder die Beschr\u00e4nkung stillschweigender Garantien oder der Haftung f\u00fcr beil\u00e4ufig entstandene Sch\u00e4den oder Folgesch\u00e4den nicht zul\u00e4ssig. Daher gelten die oben genannten Beschr\u00e4nkungen m\u00f6glicherweise nicht f\u00fcr Sie, oder es gibt anwendbare Gesetze, die die oben genannten ersetzen. Jede Klausel dieses Haftungsausschlusses, die von der zust\u00e4ndigen Beh\u00f6rde in der jeweiligen Gerichtsbarkeit f\u00fcr ung\u00fcltig erkl\u00e4rt wird, gilt als abtrennbar und hat keinen Einfluss auf die G\u00fcltigkeit oder Durchsetzbarkeit der \u00fcbrigen Bestimmungen dieses Haftungsausschlusses. Das Unternehmen beh\u00e4lt sich das Recht vor, das Dokument nach eigenem Ermessen jederzeit und ohne Vorank\u00fcndigung zu \u00e4ndern.<\/p>\n<p><strong>ZUKUNFTSGERICHTETE AUSSAGEN UND OFFENLEGUNG<\/strong><br \/>\nDie auf dieser Website enthaltenen zukunftsgerichteten Aussagen k\u00f6nnen unter anderem von den folgenden Faktoren beeinflusst werden:<\/p>\n<ul>\n<li>Risiken im Zusammenhang mit der Exploration, Erschlie\u00dfung, dem Bau und dem Betrieb von Bergwerken.<\/li>\n<li>Preis\u00e4nderungen bei Rohstoffen.<\/li>\n<li>\u00c4nderungen der Wechselkurse von Fremdw\u00e4hrungen.<\/li>\n<li>Rohstoff- und Fremdw\u00e4hrungsabsicherungsaktivit\u00e4ten.<\/li>\n<li>\u00c4nderungen der Erzreservensch\u00e4tzungen.<\/li>\n<li>Erh\u00f6hte Betriebskosten.<\/li>\n<li>Erh\u00f6hte Lohnkosten.<\/li>\n<li>Steigende Zinss\u00e4tze f\u00fcr Schulden.<\/li>\n<li>Staatliche Vorschriften, einschlie\u00dflich Vorschriften in Bezug auf Preise, Steuern, Lizenzgeb\u00fchren, Landbesitz, Nutzung, Import und Export von Mineralien und Umweltschutz<\/li>\n<\/ul>\n<p>Die Informationen sind in keiner Weise als Angebot oder Aufforderung zum Kauf von Wertpapieren zu verstehen oder auszulegen. Keine Wertpapieraufsichtsbeh\u00f6rde oder andere Regulierungsbeh\u00f6rde in Kanada oder den Vereinigten Staaten oder einem anderen Land oder einer anderen Gerichtsbarkeit hat diese Informationen in irgendeiner Weise gepr\u00fcft, und das Unternehmen gibt keine diesbez\u00fcglichen Zusicherungen oder Garantien ab.<\/p>\n<p>Bestimmte auf dieser Website enthaltene Informationen stellen \u201ezukunftsgerichtete Informationen\u201c (gem\u00e4\u00df der Definition in der kanadischen Wertpapiergesetzgebung) und \u201ezukunftsgerichtete Aussagen\u201c (gem\u00e4\u00df der Definition im U.S. Private Securities Litigation Reform Act von 1995), die auf Erwartungen, Sch\u00e4tzungen und Prognosen des Managements des Unternehmens beruhen. Zu diesen zukunftsgerichteten Informationen und Aussagen z\u00e4hlen unter anderem: Gesch\u00e4ftspl\u00e4ne, Ausblicke, Erwartungen hinsichtlich der Preise von Lithium und Kobalt sowie anderer Metalle und Mineralien, Erwartungen hinsichtlich der Reserven, Ressourcen, Explorationsergebnisse und damit zusammenh\u00e4ngenden Ausgaben, gesch\u00e4tzte zuk\u00fcnftige Produktion und Kosten, \u00c4nderungen der Projektparameter sowie der erwartete Genehmigungs- und Produktionszeitplan.<\/p>\n<p>Alle hierin enthaltenen Aussagen, die keine historischen Fakten darstellen, sind zukunftsgerichtete Aussagen, die Risiken, Ungewissheiten und andere Faktoren beinhalten, die dazu f\u00fchren k\u00f6nnten, dass die tats\u00e4chlichen Ergebnisse wesentlich von jenen abweichen, die in diesen zukunftsgerichteten Informationen und zukunftsgerichteten Aussagen zum Ausdruck gebracht oder impliziert wurden. Zu den Faktoren, die solche Abweichungen verursachen k\u00f6nnen, geh\u00f6ren, ohne die Allgemeing\u00fcltigkeit des Vorstehenden einzuschr\u00e4nken Risiken, dass die hierin beschriebenen Synergien und Werteffekte nicht erreicht werden; Risiken, die mit Explorations-, Erschlie\u00dfungs- und Produktionsaktivit\u00e4ten verbunden sind; Volatilit\u00e4t der Marktpreise f\u00fcr Lithium und Kobalt und andere Metalle und Mineralien; die Auswirkungen des Verkaufsvolumens von Lithium und Kobalt und anderen Metallen und Mineralien; die F\u00e4higkeit, die Produktion aus den Minen und der M\u00fchle aufrechtzuerhalten; Wettbewerb; die Auswirkungen von Wechselkurs\u00e4nderungen; Ungenauigkeiten bei Mineralressourcen- und Reservensch\u00e4tzungen; Umwelt- und Sicherheitsrisiken, einschlie\u00dflich erh\u00f6hter beh\u00f6rdlicher Auflagen; \u00c4nderungen der Rekultivierungsanforderungen; unerwartete geologische oder hydrologische Bedingungen; eine m\u00f6gliche Verschlechterung der politischen Unterst\u00fctzung f\u00fcr den Bergbau; \u00c4nderungen der Regierungsvorschriften und -politiken, einschlie\u00dflich der Handelsgesetze und -politiken; die Nachfrage nach Lithium und Kobalt und anderen Metallen und Mineralien; die Ersetzung der Produktion und das Vers\u00e4umnis, die erforderlichen Genehmigungen und Zulassungen von den Regierungsbeh\u00f6rden zu erhalten; das Wetter und andere Naturph\u00e4nomene; die F\u00e4higkeit, positive Arbeitsbeziehungen aufrechtzuerhalten und weiter zu verbessern; die Betriebsleistung der Anlagen; der Erfolg geplanter Erschlie\u00dfungsprojekte; und andere Entwicklungs- und Betriebsrisiken. Obwohl das Unternehmen davon ausgeht, dass die Annahmen, die den zukunftsgerichteten Aussagen zugrunde liegen, vern\u00fcnftig sind, sollte man sich nicht zu sehr auf diese Aussagen verlassen. Obwohl die Gesch\u00e4ftsleitung die Angemessenheit ihrer Annahmen und Sch\u00e4tzungen \u00fcberpr\u00fcft, k\u00f6nnen ungew\u00f6hnliche und unvorhergesehene Ereignisse eintreten, die sie ungenau werden lassen. Das Unternehmen ist nicht verpflichtet, die auf dieser Website enthaltenen zukunftsgerichteten Informationen oder Aussagen \u00f6ffentlich zu aktualisieren oder zu revidieren oder diese Informationen an die tats\u00e4chlichen Ergebnisse oder an die ver\u00e4nderten Erwartungen des Unternehmens anzupassen, es sei denn, dies wird von den geltenden Rechtsvorschriften verlangt.<\/p>\n<p>Prognosen und andere Informationen, die zukunftsgerichtete Aussagen enthalten k\u00f6nnen, sind mit Risiken und Unsicherheiten behaftet. Daher sind alle Aussagen, die nicht auf historischen Fakten beruhen, als zukunftsorientiert zu betrachten. Solche zukunftsgerichteten Informationen und Aussagen beruhen auf aktuellen Erwartungen, Prognosen, Sch\u00e4tzungen und Projektionen in Bezug auf die globalen und regionalen wirtschaftlichen Bedingungen sowie auf Branchen, die wichtige M\u00e4rkte f\u00fcr das Unternehmen darstellen. Es kann nicht zugesichert werden, dass sich solche Aussagen als richtig erweisen, und daher werden die Leser darauf hingewiesen, dass solche Aussagen erheblich von den tats\u00e4chlichen zuk\u00fcnftigen Ereignissen abweichen k\u00f6nnen. Es gibt keine Zusicherungen oder Garantien. Die Prognosen und anderen Informationen, die sich auf unsere zuk\u00fcnftigen Gesch\u00e4fte beziehen, wurden nicht in \u00dcbereinstimmung mit den SEC-Richtlinien oder den United States Generally Accepted Accounting Principles erstellt. Die Leser dieser Publikation sollten \u00e4u\u00dferste Vorsicht walten lassen, wenn sie sich auf diese Prognosen in irgendeiner Form verlassen; sie sollten vielmehr nur als Ausgangspunkt f\u00fcr eine eingehendere Untersuchung des Unternehmens dienen. Dar\u00fcber hinaus sollten Sie sich dar\u00fcber im Klaren sein, dass die hierin enthaltene Marktwertermittlung nicht in \u00dcbereinstimmung mit den SEC-Richtlinien erstellt wurde. Die in dieser Publikation enthaltenen Prognosen sind nicht als Hinweis auf unseren zuk\u00fcnftigen Aktienkurs, unsere zuk\u00fcnftigen Einnahmen oder unsere zuk\u00fcnftige finanzielle Lage zu verstehen.<\/p>\n<p><strong>VORSICHTSHINWEIS ZU ZUKUNFTSGERICHTETEN AUSSAGEN<\/strong><br \/>\nDiese Website enth\u00e4lt bestimmte \u201ezukunftsgerichtete Aussagen\u201c. Solche zukunftsgerichteten Aussagen sind manchmal durch W\u00f6rter wie \u201ebeabsichtigt\u201c, \u201eerwartet\u201c, \u201eglaubt\u201c, \u201ehofft\u201c, \u201eplant\u201c, \u201esch\u00e4tzt\u201c, \u201eprojiziert\u201c, \u201epotenziell\u201c und \u00e4hnliche Ausdr\u00fccke gekennzeichnet, oder dass Ereignisse oder Bedingungen eintreten \u201ewerden\u201c, \u201ew\u00fcrden\u201c, \u201ek\u00f6nnten\u201c oder \u201esollten\u201c und beinhalten, ohne Einschr\u00e4nkung Aussagen \u00fcber den Gesch\u00e4ftsplan des Unternehmens, m\u00f6gliche vertragliche Vereinbarungen, den Erhalt von Betriebskapital, erwartete Einnahmen und damit verbundene Ausgaben und beinhalten eine Reihe von Risiken und Ungewissheiten, die dazu f\u00fchren k\u00f6nnten, dass die tats\u00e4chlichen Ergebnisse erheblich von den prognostizierten Ergebnissen abweichen. Zu diesen Faktoren z\u00e4hlen unter anderem Risiken im Zusammenhang mit dem Bergbaubetrieb, Rohstoffpreise, Risiken im Zusammenhang mit Bohr- und Produktionsprogrammen auf den Grundst\u00fccken des Unternehmens, die sich aus geologischen, technischen, bohrtechnischen, seismischen und anderen unvorhergesehenen Problemen ergeben, unerwartete Ergebnisse von Explorations- und damit verbundenen Aktivit\u00e4ten auf den Grundst\u00fccken des Unternehmens, die Verf\u00fcgbarkeit von Kapital und Finanzierungen zur Finanzierung von Explorations- und Erschlie\u00dfungsaktivit\u00e4ten, Umwelt- und Regierungsvorschriften, Erh\u00f6hungen der Betriebskosten, Ereignisse h\u00f6herer Gewalt und andere Risikofaktoren, die von Zeit zu Zeit in den Unterlagen des Unternehmens bei der Securities and Exchange Commission (SEC) aufgef\u00fchrt werden. Viele dieser Faktoren liegen au\u00dferhalb der M\u00f6glichkeiten des Unternehmens, sie zu kontrollieren oder vorherzusagen. Investoren werden darauf hingewiesen, dass derartige Aussagen keine Garantie f\u00fcr zuk\u00fcnftige Leistungen sind und dass die tats\u00e4chlichen Ergebnisse oder Entwicklungen erheblich von denen abweichen k\u00f6nnen, die in den zukunftsgerichteten Aussagen prognostiziert wurden. Zukunftsgerichtete Aussagen beruhen auf den \u00dcberzeugungen, Sch\u00e4tzungen und Meinungen der Unternehmensleitung zu dem Zeitpunkt, an dem die Aussagen gemacht werden. Sofern nicht durch geltende Wertpapiergesetze oder -vorschriften vorgeschrieben, lehnt das Unternehmen ausdr\u00fccklich jegliche Verpflichtung ab, Aktualisierungen oder Korrekturen der hierin enthaltenen zukunftsgerichteten Aussagen zu ver\u00f6ffentlichen, falls sich die \u00dcberzeugungen, Sch\u00e4tzungen oder Meinungen der Gesch\u00e4ftsleitung oder andere Faktoren \u00e4ndern sollten.<\/p>\n<p>Der Inhalt dieser Website dient dazu, den Besuchern Informationen \u00fcber das Unternehmen zu vermitteln. Nichts auf dieser Website ist ein Angebot zum Kauf oder eine Aufforderung zum Verkauf von Aktien des Unternehmens oder einer anderen Einheit. Nichts auf dieser Website ist eine Aufforderung zur Erteilung einer Vollmacht durch einen Wertpapierinhaber des Unternehmens oder eines anderen Unternehmens.<\/p>\n<p>Es werden alle zumutbaren Anstrengungen unternommen, um die Richtigkeit der auf der Website des Unternehmens bereitgestellten Informationen zu gew\u00e4hrleisten, jedoch gibt es keine Zusicherungen oder Gew\u00e4hrleistungen hinsichtlich der Richtigkeit, Zuverl\u00e4ssigkeit, Vollst\u00e4ndigkeit oder Aktualit\u00e4t dieser Informationen.<\/p>\n<p>Eine Anlage in Wertpapieren des Unternehmens ist mit einem hohen Risiko verbunden, und potenziellen Anlegern wird empfohlen, ihre eigene Anlage- und Rechtsberatung in Anspruch zu nehmen.<\/p>\n<p><strong>AUSSCHLUSS DER HAFTUNG<\/strong><br \/>\nDas Unternehmen haftet nicht f\u00fcr Anspr\u00fcche, Ausgaben, Sch\u00e4den (einschlie\u00dflich direkter, indirekter, spezieller oder Folgesch\u00e4den) und Gewinn-, Chancen- oder Informationsverluste, die sich ergeben aus: der Nutzung von oder dem Vertrauen auf Informationen, die auf dieser Website enthalten sind; jeglicher Ungenauigkeit oder Auslassung in solchen Informationen oder dem Vers\u00e4umnis, die Informationen auf dem neuesten Stand zu halten; der Nutzung von Websites Dritter, die mit dieser Website verlinkt sind; jeglicher Internet-Software, die in Verbindung mit dieser Website verwendet wird, oder Computerviren oder anderen zerst\u00f6rerischen Programmen, auf die man als Ergebnis der Nutzung dieser Website st\u00f6\u00dft; und jeglicher anderen Angelegenheit, die mit dieser Website in Verbindung steht; selbst wenn das Unternehmen auf die M\u00f6glichkeit solcher Anspr\u00fcche, Ausgaben, Sch\u00e4den oder Verluste aufmerksam gemacht wird.<\/p>\n<p><strong>KEINE VERANTWORTUNG F\u00dcR INTERNET-SOFTWARE ODER COMPUTERVIREN<\/strong><br \/>\nAufgrund von technischen Schwierigkeiten, die dem Internet innewohnen, k\u00f6nnen Internet-Software oder \u00dcbertragungsprobleme zu ungenauen oder unvollst\u00e4ndigen Kopien der auf dieser Website enthaltenen Informationen f\u00fchren. Computerviren oder andere zerst\u00f6rerische Programme k\u00f6nnen auch versehentlich von der Website heruntergeladen werden. Das Unternehmen haftet nicht f\u00fcr Internet-Software, Computerviren oder zerst\u00f6rerische Programme und empfiehlt Ihnen, angemessene Antiviren- oder andere Schutzsoftware zu installieren.<\/p>\n<p><strong>VORSICHTSHINWEIS F\u00dcR U.S. INVESTOREN BEZ\u00dcGLICH DER OFFENLEGUNG VON BENACHBARTEN ODER ANDEREN IMMOBILIEN<\/strong><br \/>\nDiese Website kann Informationen \u00fcber angrenzende Grundst\u00fccke enthalten, auf denen wir keine Rechte zur Erkundung oder Erschlie\u00dfung haben. Wir weisen die Anleger darauf hin, dass die Richtlinien der SEC derartige Informationen in den bei der SEC eingereichten Dokumenten strikt untersagen. Investoren werden darauf hingewiesen, dass Ressourcen auf benachbarten Grundst\u00fccken keinen Hinweis auf voraussichtliche, m\u00f6gliche oder tats\u00e4chliche Ressourcen auf unseren Grundst\u00fccken darstellen.<\/p>\n<p>Unsere Aussagen sind im Sinne von \u201eSafe Harbour\u201c-Bestimmungen zu interpretieren.[\/vc_column_text][\/vc_column][\/vc_row]<\/p>\n<\/div>","protected":false},"excerpt":{"rendered":"<p>[vc_row full_width=&#8220;stretch_row&#8220; css=&#8220;.vc_custom_1668192652647{margin-top: 30px !important;background-image: url(https:\/\/edisonlithium.com\/wp-content\/uploads\/2021\/10\/counters_content_bgr.svg?id=918) !important;}&#8220; el_class=&#8220;left-bottom-bgr-position-100height grey-bgr&#8220;][vc_column][vc_custom_heading source=&#8220;post_title&#8220; font_container=&#8220;tag:h1|text_align:left&#8220; use_theme_fonts=&#8220;yes&#8220;][vc_column_text]HAFTUNGSAUSSCHLUSS Die Website der Edison Lithium Corp. (das Unternehmen) wird den Aktion\u00e4ren des Unternehmens und der \u00d6ffentlichkeit als Serviceleistung zur Verf\u00fcgung gestellt. Die auf der Website des Unternehmens enthaltenen Aussagen und Mitteilungen dienen lediglich der Information. Sie stellen weder eine Aufforderung noch ein Angebot [&hellip;]<\/p>\n","protected":false},"author":3,"featured_media":0,"parent":0,"menu_order":6,"comment_status":"closed","ping_status":"closed","template":"","meta":{"_acf_changed":false,"inline_featured_image":false,"footnotes":""},"class_list":["post-1499","page","type-page","status-publish","hentry"],"acf":[],"_links":{"self":[{"href":"https:\/\/edisonlithium.com\/de\/wp-json\/wp\/v2\/pages\/1499","targetHints":{"allow":["GET"]}}],"collection":[{"href":"https:\/\/edisonlithium.com\/de\/wp-json\/wp\/v2\/pages"}],"about":[{"href":"https:\/\/edisonlithium.com\/de\/wp-json\/wp\/v2\/types\/page"}],"author":[{"embeddable":true,"href":"https:\/\/edisonlithium.com\/de\/wp-json\/wp\/v2\/users\/3"}],"replies":[{"embeddable":true,"href":"https:\/\/edisonlithium.com\/de\/wp-json\/wp\/v2\/comments?post=1499"}],"version-history":[{"count":4,"href":"https:\/\/edisonlithium.com\/de\/wp-json\/wp\/v2\/pages\/1499\/revisions"}],"predecessor-version":[{"id":1565,"href":"https:\/\/edisonlithium.com\/de\/wp-json\/wp\/v2\/pages\/1499\/revisions\/1565"}],"wp:attachment":[{"href":"https:\/\/edisonlithium.com\/de\/wp-json\/wp\/v2\/media?parent=1499"}],"curies":[{"name":"wp","href":"https:\/\/api.w.org\/{rel}","templated":true}]}}