{"id":1440,"date":"2021-09-30T20:30:27","date_gmt":"2021-10-01T00:30:27","guid":{"rendered":"https:\/\/edisonlithium.com\/cobalt-property\/"},"modified":"2023-10-30T11:36:52","modified_gmt":"2023-10-30T15:36:52","slug":"kobalt-gruendstueck","status":"publish","type":"page","link":"https:\/\/edisonlithium.com\/de\/kobalt-gruendstueck\/","title":{"rendered":"Kobalt-Gr\u00fcndst\u00fcck"},"content":{"rendered":"<div class=\"wpb-content-wrapper\"><p>[vc_row][vc_column width=&#8220;3\/4&#8243;][vc_column_text]<\/p>\n<h2>INMITTEN DES ERGIEBIGEN KOBALTBERGBAUGEBIETS<\/h2>\n<p>[\/vc_column_text][\/vc_column][vc_column width=&#8220;1\/4&#8243;]<div class=\"ws-button\" style=\"margin-top:10px;margin-bottom:30px;\" >\r\n            <a href=\"https:\/\/edisonlithium.com\/wp-content\/uploads\/2021\/10\/Kittson_Cobalt_Property_2021_43101_Technical_Report_for_EDDY_21.pdf\" class=\"button arrow-button left-button \"  target=\"_blank\" >Techn. Report 43-101<\/a>\r\n        <\/div>[\/vc_column][\/vc_row][vc_row][vc_column width=&#8220;3\/6&#8243;][vc_column_text]Das Projekt befindet sich in der N\u00e4he der Stadt Cobalt im Nordosten von Ontario, Kanada. Das Projekt beherbergt die historischen Minen Thomas Edison, Shakt-Davis und Cobalt-Kittson sowie zahlreiche historische Gruben, von denen die tiefste bis in eine Tiefe von 628 Fu\u00df reicht, und \u00fcber 2.500 Fu\u00df an seitlichen Gruben. Die Kobaltmineralisierung kommt in Quarz-Karbonat-Adern aus dem Proterozoikum vor, die in br\u00fcchigen Scherfl\u00e4chen im Nipissing-Diabas enthalten sind. Diese Art der Mineralisierung \u00e4hnelt jener des ber\u00fchmten Cobalt Silver Camp, das sich etwa 15 km \u00f6stlich des Grundst\u00fccks befindet und 420 Millionen Unzen Silber mit Kobalt als bedeutendem Nebenprodukt produzierte. Die Adern, die die Mineralisierung auf dem Projekt Kittson-Cobalt beherbergen, unterscheiden sich von den typischen Cobalt-Silver-Camp-Adern insofern, dass sie einen geringeren Silbergehalt, aber einen h\u00f6heren Kobaltgehalt aufweisen und mit betr\u00e4chtlichem Goldvorkommen verbunden sind. Historische Berichte aus der Mine Shakt-Davis weisen auf Werte von 1,5 % Co auf 1,37 Metern und ausgew\u00e4hlte Sch\u00fcrfproben mit bis zu 4 % Co und 93,3 g\/t Au hin. In den Quarz-Karbonat-Adern kommen auch Nickel, Kupfer und in geringerem Ausma\u00df Blei, Zink und Wismut vor.[\/vc_column_text][\/vc_column][vc_column width=&#8220;1\/6&#8243;][vc_single_image image=&#8220;964&#8243; img_size=&#8220;154&#215;280&#8243; onclick=&#8220;link_image&#8220;][\/vc_column][vc_column width=&#8220;2\/6&#8243;][vc_single_image image=&#8220;949&#8243; img_size=&#8220;full&#8220; onclick=&#8220;link_image&#8220;][\/vc_column][\/vc_row][vc_row][vc_column width=&#8220;1\/2&#8243;][vc_single_image image=&#8220;950&#8243; img_size=&#8220;full&#8220; onclick=&#8220;link_image&#8220;][\/vc_column][vc_column width=&#8220;1\/2&#8243;][vc_column_text]<\/p>\n<h2>DREI EHEMALS PRODUZIERENDE MINEN AUF DEM GRUNDST\u00dcCK<\/h2>\n<p>Die Mine Shakt-Davies wurde von 1906 bis 1964 mit Unterbrechungen erschlossen, wobei der Gro\u00dfteil des Untertagebetriebs zwischen 1924 und 1926 abgeschlossen wurde. Es sind keine Produktionsaufzeichnungen mehr vorhanden, jedoch weisen historische Berichte auf Werte von 1,5 % Kobalt \u00fcber 1,37 Meter und ausgew\u00e4hlte Sch\u00fcrfproben hin, die bis zu 4 % Kobalt und 93,3 g\/t Gold ergaben. J\u00fcngere Probenahmen (1987) der Abraumhalde durch die Mitarbeiter des Ontario Geological Surveys ergaben 0,25 % Kobalt, 0,75 % Nickel, 0,05 % Kupfer und 3,4 g\/t Gold.[\/vc_column_text][\/vc_column][\/vc_row][vc_section css_animation=&#8220;bottom-to-top&#8220;][vc_row][vc_column][vc_column_text]<\/p>\n<h2>DIE EDISON-MINE<\/h2>\n<p>Die Thomas-Edison-Mine wurde, wie der Name schon sagt, von dem ber\u00fchmten Erfinder und Unternehmer Thomas Edison entwickelt. Obwohl Edison eher f\u00fcr Erfindungen wie die erste praktische Gl\u00fchbirne bekannt ist, war er auch in der Bergbauindustrie sehr aktiv. Edison leistete Pionierarbeit bei neuen geophysikalischen Techniken und Technologien zur Mineraliengewinnung und entwickelte die batteriebetriebene Kopfleuchte f\u00fcr Bergleute. Er war ma\u00dfgeblich an der Entdeckung von Nickel in Falconbridge, Ontario, beteiligt und hatte au\u00dferdem Interesse an Eisenerz in New Jersey und Gold in New Mexico. Edison war ma\u00dfgeblich am urspr\u00fcnglichen Silberrausch in Cobalt, Ontario, beteiligt, allerdings war er nicht auf das Silber aus, das er suchte. Zu Beginn des 20. Jahrhunderts entwickelte Edison eine neue Kobalt-Eisen-Batterie (US-Patent Nr. US678722A). \u00c4hnlich wie heute hatte Edison Schwierigkeiten, ausreichende Mengen an Kobalt zu beschaffen. Um den Preis niedrig zu halten, schickte Edison verdeckte Vertreter nach Cobalt, Ontario, um kobalthaltige Mineralien, die als Nebenprodukt des Silberbergbaus in der Region anfielen, f\u00fcr seine Batterieproduktionsanlage in New Jersey zu kaufen. \u00dcber diese Vertreter versuchte er auch, hochgradige Kobaltsilberminen und -vorkommen zu erwerben. Schlie\u00dflich erwarb Edison 1905 das Darby-Grundst\u00fcck (die heutige Thomas Edison Mine). Von 1905 bis 1907 leitete Edison die Arbeiten in der Mine aus der Ferne. Dazu geh\u00f6rten das Abteufen von zwei Sch\u00e4chten mit einer Tiefe von 150 Fu\u00df, die durch einen Stollen verbunden waren, sowie mehrere Erkundungsstollen und Querschl\u00e4ge. Es wird berichtet, dass zwischen 6 und 8 Tonnen Erz unbekannter Qualit\u00e4t gewonnen wurden, aber es ist keine kommerzielle Produktion verzeichnet. Die Korrespondenz Edisons mit seinem Agenten in Kobalt, der sp\u00e4ter sein Minenleiter war, ist erhalten geblieben und bietet eine faszinierende Lekt\u00fcre. Er wurde in dem Buch <em>Times Were Hard But Memories Are Good<\/em> (Die Zeiten waren hart, aber die Erinnerungen sind gut) zusammengefasst, das am 27. April 1996 von der Timiskaming Abitibi Heritage Association veranstaltet wurde und bei Rosanne Fisher Publishing in Haileybury, Ontario, erh\u00e4ltlich ist.[\/vc_column_text][\/vc_column][\/vc_row][vc_row][vc_column][vc_column_text]<\/p>\n<h2>SHAKT-DAVIS-MINE<\/h2>\n<p>In der Mine Shakt-Davis befinden sich mehrere gro\u00dfe Calcit-Adern in einer zerkl\u00fcfteten und verformten Zone im Nipissing-Diabas. Diese Zone verl\u00e4uft in nord\u00f6stlicher Richtung (~60\u00b0) parallel zu einem ~120 m dicken, vertikalen Diabas-Dyke. Die Hauptader ist zwischen 1 und 7 m breit, w\u00e4hrend die vertikal ausgerichtete Kaminader zwischen 1 und 3 m breit ist. Beide sind vertikal ausgerichtet und enthalten Smaltit (Co), Kobaltit (Co), Gersdorffit (Co), Erythrit (Co), Annabergit (Ni), Pyrit, Chalkopyrit (Cu) und Niccolit (Ni). Aus den Bewertungsunterlagen des Cobalt MNDM-B\u00fcros: &#8222;Untersuchungen und Analysen ergaben 1,5 % Co und geringf\u00fcgig Ag auf einer Breite von 1,37 m, wobei ausgew\u00e4hlte Sch\u00fcrfproben bis zu 4 % Co und andere bis zu 2,72 oz\/t Au aufwiesen. Ein weiterer Test von handverlesenem Erz ergab Werte von 0,87 oz\/t Au, 0,25 oz\/t Ag, 7,92 % Co und 7,72 % Ni. Eine weitere Smalterzprobe ergab 97 oz\/t Ag, 0,336 % Co und 0,18 % Ni (Born und Hitch, 1990). Sch\u00fcrfproben, die N. Pettigrew 1987 von der Grubenhalde entnommen hatte, ergaben Untersuchungswerte von 0,25 % Co, 0,75 % Ni, 0,06 % Cu, 0,10 oz\/t Au und &lt;0,10 oz\/t Ag (N. Pettigrew)[\/vc_column_text][\/vc_column][\/vc_row][\/vc_section][vc_section css_animation=&#8220;bottom-to-top&#8220;][vc_row][vc_column][vc_column_text]<\/p>\n<h2>KOBALT-KITTSON-MINE<\/h2>\n<p>Die Kittson-Kobalt-Mine befindet sich in einem ~70 m breiten Diabas-Gang, der Arkosen der unteren Lorrain-Formation in der N\u00e4he des Gowganda-Lorrain-Kontakts durchschneidet. Chalkopyrit, Smaltit und Pyrit kommen in mehreren nach Norden verlaufenden Calcit-Adern vor, die vertikal ausgerichtet und 4 bis 100 cm breit sind. Die Adern befinden sich in zerkl\u00fcfteten und verkr\u00fcmmten Zonen, die parallel zum Dyke verlaufen. Die Untersuchungsergebnisse von Johns (1985) zeigen 0,08 und 0,20 oz\/t Gold. Die Gesamtproduktion der Mine belief sich auf 600 Pfund Smalte (Kobaltsulfarsenid) auf der Ebene von 598 Fu\u00df (R. Thomson; Resident Geologist&#8217;s Files, Ontario Ministry of Northern Development and Mines, Kirkland Lake; OGS Map P3116).[\/vc_column_text][\/vc_column][\/vc_row][vc_row][vc_column width=&#8220;1\/2&#8243;][vc_column_text]<\/p>\n<h2>H\u00d6HEPUNKTE DES KOBALTPROJEKTS KITTSON<\/h2>\n<p>Die Kittson-Kobaltmine befindet sich in einem ca. 70 m breiten Diabas-Dyke, der Arkosen der unteren Lorrain-Formation in der N\u00e4he des Gowganda-Lorrain-Kontakts durchschneidet. Chalkopyrit, Smaltit und Pyrit kommen in mehreren nach Norden verlaufenden Calcit-Adern vor, die vertikal ausgerichtet und 4 bis 100 cm breit sind.<br \/>\nDie Adern befinden sich in zerkl\u00fcfteten und verkr\u00fcmmten Zonen, die parallel zum Dyke verlaufen. Die Untersuchungsergebnisse von Johns (1985) zeigen 0,08 und 0,20 oz\/t Gold. Die Gesamtproduktion der Mine belief sich auf 600 Pfund Smaltit (Kobaltsulfarsenid) aus der 598-Fu\u00df-Sohle (R. Thomson; Resident Geologist&#8217;s Files, Ontario Ministry of Northern Development and Mines, Kirkland Lake; OGS Map P3116).[\/vc_column_text][\/vc_column][vc_column width=&#8220;1\/2&#8243;][vc_single_image image=&#8220;951&#8243; img_size=&#8220;full&#8220; onclick=&#8220;link_image&#8220;][\/vc_column][\/vc_row][vc_row][vc_column][vc_column_text]<\/p>\n<h2>Kittson Cobalt Technical Report 2023<\/h2>\n<p>[\/vc_column_text][vc_column_text]<a href=\"https:\/\/edisonlithium.com\/wp-content\/uploads\/2023\/10\/Kittson-Cobalt-Technical-Report-2023_Oct-27mehggV3c.pdf\">Report Herunterladen<\/a>[\/vc_column_text][\/vc_column][\/vc_row][\/vc_section]<\/p>\n<\/div>","protected":false},"excerpt":{"rendered":"<p>[vc_row][vc_column width=&#8220;3\/4&#8243;][vc_column_text] INMITTEN DES ERGIEBIGEN KOBALTBERGBAUGEBIETS [\/vc_column_text][\/vc_column][vc_column width=&#8220;1\/4&#8243;][\/vc_column][\/vc_row][vc_row][vc_column width=&#8220;3\/6&#8243;][vc_column_text]Das Projekt befindet sich in der N\u00e4he der Stadt Cobalt im Nordosten von Ontario, Kanada. Das Projekt beherbergt die historischen Minen Thomas Edison, Shakt-Davis und Cobalt-Kittson sowie zahlreiche historische Gruben, von denen die tiefste bis in eine Tiefe von 628 Fu\u00df reicht, und \u00fcber 2.500 Fu\u00df an [&hellip;]<\/p>\n","protected":false},"author":1,"featured_media":0,"parent":0,"menu_order":3,"comment_status":"closed","ping_status":"closed","template":"","meta":{"_acf_changed":false,"inline_featured_image":false,"footnotes":""},"class_list":["post-1440","page","type-page","status-publish","hentry"],"acf":[],"_links":{"self":[{"href":"https:\/\/edisonlithium.com\/de\/wp-json\/wp\/v2\/pages\/1440","targetHints":{"allow":["GET"]}}],"collection":[{"href":"https:\/\/edisonlithium.com\/de\/wp-json\/wp\/v2\/pages"}],"about":[{"href":"https:\/\/edisonlithium.com\/de\/wp-json\/wp\/v2\/types\/page"}],"author":[{"embeddable":true,"href":"https:\/\/edisonlithium.com\/de\/wp-json\/wp\/v2\/users\/1"}],"replies":[{"embeddable":true,"href":"https:\/\/edisonlithium.com\/de\/wp-json\/wp\/v2\/comments?post=1440"}],"version-history":[{"count":10,"href":"https:\/\/edisonlithium.com\/de\/wp-json\/wp\/v2\/pages\/1440\/revisions"}],"predecessor-version":[{"id":2077,"href":"https:\/\/edisonlithium.com\/de\/wp-json\/wp\/v2\/pages\/1440\/revisions\/2077"}],"wp:attachment":[{"href":"https:\/\/edisonlithium.com\/de\/wp-json\/wp\/v2\/media?parent=1440"}],"curies":[{"name":"wp","href":"https:\/\/api.w.org\/{rel}","templated":true}]}}