{"id":1417,"date":"2021-09-30T20:30:16","date_gmt":"2021-10-01T00:30:16","guid":{"rendered":"https:\/\/edisonlithium.com\/lithium-properties\/"},"modified":"2023-10-30T11:34:50","modified_gmt":"2023-10-30T15:34:50","slug":"lithium-grundstuecke","status":"publish","type":"page","link":"https:\/\/edisonlithium.com\/de\/lithium-grundstuecke\/","title":{"rendered":"Lithium-Grundst\u00fccke"},"content":{"rendered":"<div class=\"wpb-content-wrapper\"><p>[vc_row][vc_column width=&#8220;1\/2&#8243;][vc_column_text css=&#8220;.vc_custom_1663693805316{padding-bottom: 20px !important;}&#8220;]Wir haben einen endg\u00fcltigen Kauf- und Verkaufsvertrag (Definitive Purchase and Sale Agreement) zum Erwerb von Resource Ventures S. A. abgeschlossen, einem argentinischen Unternehmen, das die Rechte an \u00fcber 148.000 Hektar (365.708 Acres) aussichtsreicher Lithium-Sole-Claims in der Provinz Catamarca, Argentinien, besitzt oder kontrolliert. Die Claims befinden sich haupts\u00e4chlich in den beiden geologischen Becken, die als Antofalla Salar und Pipanaco Salar in S\u00fcdamerikas ber\u00fchmtem Lithiumdreieck bekannt sind.[\/vc_column_text][\/vc_column][vc_column width=&#8220;1\/2&#8243;][vc_single_image image=&#8220;987&#8243; img_size=&#8220;full&#8220; onclick=&#8220;link_image&#8220;][\/vc_column][\/vc_row][vc_row][vc_column width=&#8220;1\/2&#8243;][vc_single_image image=&#8220;1350&#8243; img_size=&#8220;full&#8220; onclick=&#8220;link_image&#8220;][\/vc_column][vc_column width=&#8220;1\/2&#8243;][vc_single_image image=&#8220;1355&#8243; img_size=&#8220;570&#215;432&#8243; onclick=&#8220;link_image&#8220;][\/vc_column][\/vc_row][vc_row][vc_column width=&#8220;1\/2&#8243;][vc_column_text]<\/p>\n<h2>Beschreibung und Lage des Grundst\u00fccks:<\/h2>\n<h3>Salar de Antofalla (\u201eAntofalla\u201c)<\/h3>\n<p>Der Salar de Antofalla liegt weniger als 20 km westlich der Lithiumproduktion von Livent (auch bekannt als FMC Corporation; Livent ist der gr\u00f6\u00dfte Lithiumproduzent Argentiniens) in der n\u00f6rdlichen Provinz Catamarca und beherbergt eines der gr\u00f6\u00dften lithiumhaltigen Becken der Region. Es ist \u00fcber 130 km lang und variiert zwischen 5 km und 20 km im Durchmesser. Am 12. September 2016 gab Albemarle Corporation, der weltweit gr\u00f6\u00dfte Lithiumproduzent, bekannt, dass es von Bolland Minera, S. A., einem gro\u00dfen privaten Bergbauunternehmen, die exklusiven Explorations- und Erwerbsrechte f\u00fcr einen Claim-Block im mittleren Teil des Antofalla Salar erworben hat. Zu diesem Zeitpunkt erkl\u00e4rte Albemarle \u00f6ffentlich, dass Antofalla \u00fcber das drittgr\u00f6\u00dfte Lithium-Sole-Reservoir der Welt verf\u00fcgt.<\/p>\n<p>Im Jahr 2016 meldete Roskill Information Services, dass Bolland 56 Bohrungen auf einer Fl\u00e4che von 265 km\u00b2 niedergebracht und eine Ressource von 83 mt Kali (KCl) mit einem Gehalt von 6400 mg\/l und 2,22 mt Lithium (11,8 mt LCE) mit einem Gehalt von 350 mg\/l definiert hatte. Die Testbohrungen von Bolland wurden zwischen 2008 und 2011 in dem Claim-Block durchgef\u00fchrt, der sich nun im Besitz von Albemarle befindet, und wurden in Zusammenarbeit mit dem Institut f\u00fcr Mineralressourcen der Nationalen Universit\u00e4t von La Plata in Buenos Aires (\u201eInremi\u201c) abgeschlossen. Bohrlochprotokolle, Durchl\u00e4ssigkeit, hydraulischer Gradient, Kernprobenchemie und gravimetrische Studien, die von Inremi in diesem Zeitraum ver\u00f6ffentlicht wurden, wiesen auf betr\u00e4chtliche Werte f\u00fcr Lithium und Kalium hin, die kontinuierlich von der Oberfl\u00e4che bis in eine Tiefe von \u00fcber 500 Metern beobachtet wurden, was darauf hindeutet, dass Antofalla eines der tiefsten Becken in der Region ist.<\/p>\n<p>2018 sicherte sich ReVe die von Quantec Geoscience Argentina S. A. durchgef\u00fchrten geophysikalischen TEM-Untersuchungen \u2013 einschlie\u00dflich 187 Sondierungspunkten, die auf 36,4 km Linienabtastungen auf ca. 15.655 Hektar (38.683 Acres) der Claims im n\u00f6rdlichen Bereich seiner Claims im Salar Antofalla durchgef\u00fchrt wurden. Alle wiesen auf das Vorhandensein von vielversprechenden Solen bis zu einer Tiefe von ca. 500 Metern hin, was die beabsichtigte Tiefengrenze der Untersuchungen war. Die Sole in diesem Becken k\u00f6nnte sich sogar noch weiter in die Tiefe erstrecken, als die TEM-Scans ergaben.<\/p>\n<p>&#8222;Die Aktiva von ReVe in und um den Antofalla Salar bestehen aus ca. 107 000 Hektar (264.397 Acres) halb zusammenh\u00e4ngender Claims im n\u00f6rdlichen und s\u00fcdlichen Teil dieses Salars, die zu beiden Seiten der Besitzungen von Albermarle im Zentrum dieses Salars liegen. Dieser riesige Block von Lithium-Claims stellt nach Ansicht des Managements einen sehr beeindruckenden Einstiegspunkt f\u00fcr EDDY in den aufkeimenden Lithiumsektor dar&#8220;, sagte Nathan Rotstein, CEO von Edison. Gro\u00dfe Landbesitzungen mit nutzbarer Sole stellen umfangreiche, langlebige Ressourcen dar, die sowohl f\u00fcr Produzenten als auch f\u00fcr K\u00e4ufer von entscheidender Bedeutung sein werden, da dieses Viertel der Energiemetalle in Zukunft weiter reifen wird, um die st\u00e4ndig steigende Marktnachfrage nach Lithium zu decken.[\/vc_column_text][\/vc_column][vc_column width=&#8220;1\/2&#8243;][vc_empty_space height=&#8220;62px&#8220;][vc_single_image image=&#8220;953&#8243; img_size=&#8220;full&#8220; onclick=&#8220;link_image&#8220;][vc_single_image image=&#8220;983&#8243; img_size=&#8220;full&#8220; onclick=&#8220;link_image&#8220;][vc_single_image image=&#8220;984&#8243; img_size=&#8220;full&#8220; onclick=&#8220;link_image&#8220;][\/vc_column][\/vc_row][vc_section css_animation=&#8220;bottom-to-top&#8220;][vc_row][vc_column][vc_empty_space height=&#8220;40px&#8220;][\/vc_column][\/vc_row][vc_row][vc_column width=&#8220;1\/2&#8243; el_class=&#8220;vc_col-sm-push-6&#8243;][vc_column_text]<\/p>\n<h3>Salar de Pipanaco (\u201cPipanaco\u201d)<\/h3>\n<p>Die Claims von ReVe im Salar de Pipanaco umfassen \u00fcber 41.000 Hektar (101.311 Acres) an Kerngebieten in diesem Salar, der etwa 50 km westlich der Stadt Catamarca liegt. Diese Grundst\u00fccke befinden sich in einem sehr fr\u00fchen Stadium der Exploration, wobei bisher nur wenige Oberfl\u00e4chenproben entnommen wurden.<\/p>\n<p>Dieser Salar befindet sich auf einer viel niedrigeren H\u00f6he als Antofalla und wurde vor mehr als zehn Jahren im Rahmen eines Programms der argentinischen Bundesregierung gebohrt, um neue S\u00fc\u00dfwasserquellen zu identifizieren. Basierend auf diesen Bohrberichten ist das Unternehmen der Ansicht, dass diese Pipanaco-Holdings, die sich nur 700 bis 750 Meter \u00fcber dem Meeresspiegel befinden, einen g\u00fcnstigen Standort f\u00fcr eine Lithiumextraktionsanlage oder eine Kalimine darstellen k\u00f6nnten, sowie einen potenziellen Standort f\u00fcr eine regionale Lithiumverarbeitungsanlage, die weniger als zwei Autostunden von der Stadt Catamarca entfernt ist.<\/p>\n<p>Nathan Rotstein (CEO) kommentiert weiter: \u201eWir werden uns zun\u00e4chst auf die Erschlie\u00dfung unserer Grundst\u00fccke in Antofalla konzentrieren, da es sich um ein weltweit bekanntes Lithiumbecken handelt. Unsere Claims im Salar Pipanaco befinden sich zwar erst in einem fr\u00fchen Explorationsstadium, k\u00f6nnten sich jedoch als strategisch wichtig f\u00fcr eine potenzielle regionale Lithiumverarbeitungsanlage erweisen, die weniger als 50 km von der Stadt Catamarca entfernt liegt. Wir sind der Ansicht, dass dies das Unternehmen als Lithiumakteur in S\u00fcdamerikas ber\u00fchmtem Lithiumdreieck w\u00e4hrend einer Hausse bei Energiemetallen und Rohstoffen stark positioniert. Unser Wachstum wird durch Akquisitionen im Lithiumbereich beschleunigt werden.\u201c[\/vc_column_text][\/vc_column][vc_column width=&#8220;1\/2&#8243; el_class=&#8220;vc_col-sm-pull-6&#8243;][vc_single_image image=&#8220;956&#8243; img_size=&#8220;full&#8220; onclick=&#8220;link_image&#8220;][vc_single_image image=&#8220;985&#8243; img_size=&#8220;full&#8220; onclick=&#8220;link_image&#8220;][\/vc_column][\/vc_row][vc_row][vc_column width=&#8220;1\/2&#8243;][vc_column_text]<\/p>\n<h2>KLIMA<\/h2>\n<p>Der Klimatyp hei\u00dft \u201eLa Puna Desertica\u201c (die Puna-W\u00fcste) und wird vor allem durch die orografischen Barrieren im Westen bestimmt, die der feuchten Pazifikluft einen Gro\u00dfteil der Feuchtigkeit entziehen, bevor sie die Puna-Hochebene erreicht. Das Klima kann als typisch f\u00fcr eine kontinentale, kalte Hochgebirgsw\u00fcste beschrieben werden, was zu einer sp\u00e4rlichen Vegetation f\u00fchrt. Die Sonneneinstrahlung ist intensiv, vor allem in den Sommermonaten zwischen Oktober und M\u00e4rz, was zu hohen Verdunstungsraten f\u00fchrt. Es kann das ganze Jahr \u00fcber gearbeitet werden, es sei denn, starke Regenf\u00e4lle f\u00fchren zu \u00dcberschwemmungen im Salar. Das Klima beg\u00fcnstigt die Bildung von Evaporitablagerungen und Salzsole.[\/vc_column_text][\/vc_column][vc_column width=&#8220;1\/2&#8243;][vc_empty_space height=&#8220;20px&#8220;][vc_single_image image=&#8220;968&#8243; img_size=&#8220;full&#8220; onclick=&#8220;link_image&#8220; css=&#8220;.vc_custom_1635281368323{margin-bottom: 0px !important;padding-bottom: 8px !important;}&#8220;][vc_column_text]<\/p>\n<p class=\"wpb_heading wpb_singleimage_heading\"><strong>Durchschnittliche Tages- und Nachttemperatur Salta [\u00b0C]<\/strong><\/p>\n<p>[\/vc_column_text][vc_empty_space height=&#8220;20px&#8220;][\/vc_column][\/vc_row][vc_row][vc_column width=&#8220;1\/2&#8243;][vc_column_text]<\/p>\n<h2>GEOLOGISCHES UMFELD<\/h2>\n<p>Die Konzessionen innerhalb des Lithiumgrundst\u00fccks Antofalla umfassen Lagunen- und Salargebiete in der geologischen Provinz Puna in den Hochanden Nordargentiniens. Dieser Abschnitt der Anden ist durch verkr\u00fcmmte und verschobene Bl\u00f6cke gekennzeichnet, die ein Becken- und Gebirgslandschaftsmuster bilden. L\u00e4ngliche Vertiefungen, die entlang eines Nord-S\u00fcd-Korridors verlaufen, beherbergen durch Verwerfungen begrenzte Gebirgsz\u00fcge, die in einigen F\u00e4llen neogene vulkanische Strukturen enthalten. Diese Vertiefungen wurden sp\u00e4ter mit kontinentalen Detritalsedimenten sowie mit extrusiven Vulkaniten und\/oder Aschestr\u00f6men aufgef\u00fcllt. In den Sedimenten und Vulkaniten sind Evaporitminerale eingelagert, die aus den Grundwasserleitern der N-S-gestreckten Vertiefungen kristallisiert sind. Historische Arbeiten, die von Rojas y Asociados im Jahr 2010 am Standort Laguna Caro (entspricht den \u00f6stlichsten Konzessionen) durchgef\u00fchrt wurden, ergaben einen Wert von 304 mg\/L Li in einer Population von 10 Proben.[\/vc_column_text][\/vc_column][vc_column width=&#8220;1\/2&#8243;][vc_single_image image=&#8220;969&#8243; img_size=&#8220;full&#8220; onclick=&#8220;link_image&#8220;][vc_empty_space height=&#8220;20px&#8220;][\/vc_column][\/vc_row][vc_row][vc_column width=&#8220;1\/2&#8243;][vc_column_text]<\/p>\n<h2>Ein riesiges Grundst\u00fcck mit gro\u00dfem Lithium-Explorationspotenzial<\/h2>\n<p>Die Gr\u00f6\u00dfe unserer Grundst\u00fccke ist vergleichbar mit der von zwei benachbarten Lithiumprojekten, die ihre Mineralressourcen bereits definiert haben:<\/p>\n<p>W\u00fcrden die Grundst\u00fccke von Edison Lithium Corp. mit den Multiplikatoren von Lake Resources bewertet, w\u00e4re das Unternehmen 950 Millionen Dollar wert, also mehr als das 95-fache seiner derzeitigen Marktkapitalisierung. Um diese Preiskonvergenz zu erreichen, m\u00fcssen die Gr\u00f6\u00dfe und das Ausma\u00df der Lithiummineralisierung von Edison Lithium erkundet und definiert werden \u2013 der Schl\u00fcssel zur Steigerung der Bewertung des Projekts und die oberste Priorit\u00e4t des Managements. Zu diesem Zweck wird in K\u00fcrze ein Explorationsprogramm eingeleitet werden.[\/vc_column_text][\/vc_column][vc_column width=&#8220;1\/2&#8243;][vc_single_image image=&#8220;1361&#8243; img_size=&#8220;full&#8220; onclick=&#8220;link_image&#8220;][vc_single_image image=&#8220;1366&#8243; img_size=&#8220;full&#8220; onclick=&#8220;link_image&#8220;][vc_empty_space height=&#8220;20px&#8220;][\/vc_column][\/vc_row][\/vc_section]<\/p>\n<\/div>","protected":false},"excerpt":{"rendered":"<p>[vc_row][vc_column width=&#8220;1\/2&#8243;][vc_column_text css=&#8220;.vc_custom_1663693805316{padding-bottom: 20px !important;}&#8220;]Wir haben einen endg\u00fcltigen Kauf- und Verkaufsvertrag (Definitive Purchase and Sale Agreement) zum Erwerb von Resource Ventures S. A. abgeschlossen, einem argentinischen Unternehmen, das die Rechte an \u00fcber 148.000 Hektar (365.708 Acres) aussichtsreicher Lithium-Sole-Claims in der Provinz Catamarca, Argentinien, besitzt oder kontrolliert. Die Claims befinden sich haupts\u00e4chlich in den beiden geologischen [&hellip;]<\/p>\n","protected":false},"author":1,"featured_media":0,"parent":0,"menu_order":1,"comment_status":"closed","ping_status":"closed","template":"","meta":{"_acf_changed":false,"inline_featured_image":false,"footnotes":""},"class_list":["post-1417","page","type-page","status-publish","hentry"],"acf":[],"_links":{"self":[{"href":"https:\/\/edisonlithium.com\/de\/wp-json\/wp\/v2\/pages\/1417","targetHints":{"allow":["GET"]}}],"collection":[{"href":"https:\/\/edisonlithium.com\/de\/wp-json\/wp\/v2\/pages"}],"about":[{"href":"https:\/\/edisonlithium.com\/de\/wp-json\/wp\/v2\/types\/page"}],"author":[{"embeddable":true,"href":"https:\/\/edisonlithium.com\/de\/wp-json\/wp\/v2\/users\/1"}],"replies":[{"embeddable":true,"href":"https:\/\/edisonlithium.com\/de\/wp-json\/wp\/v2\/comments?post=1417"}],"version-history":[{"count":7,"href":"https:\/\/edisonlithium.com\/de\/wp-json\/wp\/v2\/pages\/1417\/revisions"}],"predecessor-version":[{"id":2076,"href":"https:\/\/edisonlithium.com\/de\/wp-json\/wp\/v2\/pages\/1417\/revisions\/2076"}],"wp:attachment":[{"href":"https:\/\/edisonlithium.com\/de\/wp-json\/wp\/v2\/media?parent=1417"}],"curies":[{"name":"wp","href":"https:\/\/api.w.org\/{rel}","templated":true}]}}