{"id":1118,"date":"2021-09-30T16:35:44","date_gmt":"2021-09-30T20:35:44","guid":{"rendered":"https:\/\/edisonlithium.com\/imprint\/"},"modified":"2026-04-13T01:25:12","modified_gmt":"2026-04-13T05:25:12","slug":"impressum","status":"publish","type":"page","link":"https:\/\/edisonlithium.com\/de\/impressum\/","title":{"rendered":"Impressum"},"content":{"rendered":"<div class=\"wpb-content-wrapper\"><p>[vc_row css=&#8220;.vc_custom_1635419788602{margin-top: 30px !important;}&#8220;][vc_column][vc_column_text css=&#8220;&#8220;]<\/p>\n<h1>Impressum<\/h1>\n<p><strong>Edison Battery Metals Corp.<br \/>\n<\/strong><\/p>\n<p style=\"font-weight: 400;\">221 &#8211; 998 Harbourside Drive, North Vancouver, BC V7P 3T2, Kanada<\/p>\n<h2>KONTAKT<\/h2>\n<p>E-Mail: info@edisonlithium.com<br \/>\nTelefon: 001 416 276-6689 (international)<\/p>\n<h2>REDAKTIONELL VERANTWORTLICH<\/h2>\n<p>Edison Battery Metals Corp.<strong><br \/>\n<\/strong><\/p>\n<p style=\"font-weight: 400;\">221 &#8211; 998 Harbourside Drive, North Vancouver, BC V7P 3T2, Kanada<\/p>\n<h2>VERBRAUCHER\u00adSTREIT\u00adBEILEGUNG\/UNIVERSAL\u00adSCHLICHTUNGS\u00adSTELLE<\/h2>\n<p>Wir sind nicht bereit oder verpflichtet, an Streitbeilegungsverfahren vor einer Verbraucherschlichtungsstelle teilzunehmen.<\/p>\n<h2>URHEBERRECHT<\/h2>\n<p>Der gesamte Inhalt dieser Website ist durch weltweite Urheberrechtsgesetze und vertragliche Bestimmungen gesch\u00fctzt. Die Inhalte dieser Website sind nur f\u00fcr den nicht-kommerziellen, individuellen Gebrauch bestimmt und d\u00fcrfen ohne die ausdr\u00fcckliche schriftliche Zustimmung von Manganese X Energy Corp. nicht f\u00fcr andere Zwecke verwendet oder anderweitig kopiert, angezeigt, heruntergeladen, verteilt, ver\u00e4ndert, reproduziert, neu ver\u00f6ffentlicht oder weitergegeben werden.<\/p>\n<h2>\u00c4NDERUNGEN VORBEHALTEN<\/h2>\n<p>Die Informationen auf dieser Website werden von Manganese X Energy Corp. regelm\u00e4\u00dfig und ohne vorherige Ank\u00fcndigung aktualisiert. Die Informationen erheben jedoch nicht den Anspruch, vollst\u00e4ndig zu sein und alle Angelegenheiten und Entwicklungen in Bezug auf das Unternehmen und seine Aktivit\u00e4ten abzudecken. Das Unternehmen kann weder die Aktualit\u00e4t noch die Vollst\u00e4ndigkeit der Informationen zu jeder Zeit garantieren und \u00fcbernimmt diesbez\u00fcglich keine Verantwortung.<\/p>\n<h2>AKTIENKURSE<\/h2>\n<p>Alle Aktienkurse werden mit einer Verz\u00f6gerung von mindestens 20 Minuten angezeigt, sofern nicht anders angegeben. Alle Aktienkurse und historischen Kursdaten werden von einem Drittanbieter bereitgestellt und dienen nur zu Informationszwecken und nicht zu Handelszwecken. Manganese X Corp. \u00fcbernimmt keine Gew\u00e4hr f\u00fcr die Richtigkeit oder Vollst\u00e4ndigkeit von Aktienkursen oder historischen Aktienkursdaten und hat die Angemessenheit, Richtigkeit oder Vollst\u00e4ndigkeit der auf dieser Website bereitgestellten Informationen nicht \u00fcberpr\u00fcft. Wir empfehlen Ihnen dringend, eine unabh\u00e4ngige professionelle Beratung in Anspruch zu nehmen, bevor Sie in Aktien der Manganese X Energy Corp. investieren.<\/p>\n<h2>ANLEGERHINWEIS<\/h2>\n<p>Die Informationen auf dieser Website sind nicht als Aufforderung zur Einwerbung von Geldern oder zum Angebot von Wertpapieren gedacht und sollten nicht als solche ausgelegt oder interpretiert werden. Die Informationen auf dieser Website sind nicht dazu bestimmt, die gem\u00e4\u00df den geltenden Wertpapiergesetzen der USA oder Kanadas offengelegten Informationen zu modifizieren, zu qualifizieren, zu erg\u00e4nzen oder zu \u00e4ndern. Keine Wertpapieraufsichtsbeh\u00f6rde oder andere Regulierungsbeh\u00f6rde in den USA oder Kanada hat die Informationen auf dieser Website in irgendeiner Weise gepr\u00fcft, und Manganese X Energy Corp. gibt keine diesbez\u00fcglichen Zusicherungen oder Garantien ab.<\/p>\n<h2>VORSORGLICHER HINWEIS IN BEZUG AUF ZUKUNFTSGERICHTETE INFORMATIONEN<\/h2>\n<p>Mit Ausnahme der hierin enthaltenen historischen Informationen handelt es sich bei den Aussagen auf dieser Website in Bezug auf unsere Mineralexplorations- und Erschlie\u00dfungsaktivit\u00e4ten um zukunftsgerichtete Aussagen. Zukunftsgerichtete Aussagen beinhalten bekannte und unbekannte Risiken und Ungewissheiten, die dazu f\u00fchren k\u00f6nnen, dass unsere tats\u00e4chlichen Aktivit\u00e4ten und Ergebnisse dieser Aktivit\u00e4ten wesentlich von unseren Erwartungen und Prognosen abweichen. Diese Risiken und Ungewissheiten beinhalten unter anderem unsere F\u00e4higkeit, (i) einen aktuellen unabh\u00e4ngigen technischen Bericht zu erhalten, der die Existenz von Mineralreserven auf unserem Grundst\u00fcck best\u00e4tigt, (ii) eine Projektfinanzierung und (iii) alle erforderlichen Genehmigungen und Zulassungen zu erhalten. Dar\u00fcber hinaus unterliegt unser Betrieb der Volatilit\u00e4t der Rohstoffpreise, einschlie\u00dflich der Gold- und Silberpreise, sowie einer Reihe von Risiken, die mit dem Bergbau verbunden sind. Diese Faktoren k\u00f6nnten sich auf unsere F\u00e4higkeit auswirken, unser Projekt jemals in Produktion zu bringen oder das Projekt \u00fcber die geplante Lebensdauer der Mine aufrechtzuerhalten, einschlie\u00dflich der geplanten Gesamtverk\u00e4ufe. Dementsprechend werden die Leser darauf hingewiesen, dass zukunftsgerichtete Informationen zwar informativ sind, dass man sich aber bei Investitionsentscheidungen nicht zu sehr auf sie verlassen sollte, und dass Investoren vor einer solchen Entscheidung einen Anlageberater konsultieren sollten.<\/p>\n<h2>DATENSCHUTZERKL\u00c4RUNG<\/h2>\n<p>Manganese X Energy Corp. sammelt keine pers\u00f6nlichen Informationen \u00fcber die Besucher dieser Website, es sei denn, sie werden von einem Besucher ausdr\u00fccklich und wissentlich zur Verf\u00fcgung gestellt. Alle pers\u00f6nlichen Informationen, die von Besuchern unserer Website zur Verf\u00fcgung gestellt werden, werden nicht an Dritte weitergegeben, es sei denn, dies ist gesetzlich vorgeschrieben. F\u00fcr weitere Informationen lesen Sie bitte unsere vollst\u00e4ndige <a href=\"https:\/\/www.manganesexenergycorp.com\/de\/datenschutzerklaerung\/\">Datenschutzerkl\u00e4rung<\/a>.<\/p>\n<h2>PROGRAMMIERUNG\/WEBENTWICKLUNG<\/h2>\n<p><strong>Winning Solutions &#8211; Ihr <a href=\"https:\/\/www.winning-solutions.de\/wordpress-experte\/\">WordPress Experte<\/a> &amp; <a href=\"https:\/\/www.winning-solutions.de\/woocommerce-experte\/\">WooCommerce Experte<\/a><\/strong><br \/>\nBienenst\u00fcck 34<br \/>\n56072 Koblenz[\/vc_column_text][vc_zigzag][vc_column_text]<\/p>\n<h2>CAUTION TO U.S. READERS<\/h2>\n<p>This website references resources in the &#8222;Measured&#8220; &#8222;Indicated&#8220; and &#8222;Inferred&#8220; categories. These are terms defined under National Instrument 43-101 of the Canadian securities regulators. We advise U.S. investors that while these terms are recognized and required by Canadian regulations, the U.S. Securities and Exchange Commission does not recognize them. Investors are cautioned not to assume that any part or all of the material in the &#8222;Measured&#8220; or &#8222;Indicated&#8220; resource categories will ever be converted into mineral reserves. In addition, &#8222;Inferred&#8220; resources have great uncertainty as to their existence, and great uncertainty as to the economic and legal feasibility of exploiting these in a mining operation. It cannot be assumed that any part or all of an Inferred resource will ever be upgraded to a higher category. Under Canadian rules, estimates of an Inferred resource may not form the basis of pre-feasibility or feasibility studies except in rare cases. Investors are cautioned not to assume that any part or all of an Inferred resource exists or is economically or legally mineable.[\/vc_column_text][\/vc_column][\/vc_row]<\/p>\n<\/div>","protected":false},"excerpt":{"rendered":"<p>[vc_row css=&#8220;.vc_custom_1635419788602{margin-top: 30px !important;}&#8220;][vc_column][vc_column_text css=&#8220;&#8220;] Impressum Edison Battery Metals Corp. 221 &#8211; 998 Harbourside Drive, North Vancouver, BC V7P 3T2, Kanada KONTAKT E-Mail: info@edisonlithium.com Telefon: 001 416 276-6689 (international) REDAKTIONELL VERANTWORTLICH Edison Battery Metals Corp. 221 &#8211; 998 Harbourside Drive, North Vancouver, BC V7P 3T2, Kanada VERBRAUCHER\u00adSTREIT\u00adBEILEGUNG\/UNIVERSAL\u00adSCHLICHTUNGS\u00adSTELLE Wir sind nicht bereit oder verpflichtet, an Streitbeilegungsverfahren [&hellip;]<\/p>\n","protected":false},"author":1,"featured_media":0,"parent":0,"menu_order":11,"comment_status":"closed","ping_status":"closed","template":"","meta":{"_acf_changed":false,"inline_featured_image":false,"footnotes":""},"class_list":["post-1118","page","type-page","status-publish","hentry"],"acf":[],"_links":{"self":[{"href":"https:\/\/edisonlithium.com\/de\/wp-json\/wp\/v2\/pages\/1118","targetHints":{"allow":["GET"]}}],"collection":[{"href":"https:\/\/edisonlithium.com\/de\/wp-json\/wp\/v2\/pages"}],"about":[{"href":"https:\/\/edisonlithium.com\/de\/wp-json\/wp\/v2\/types\/page"}],"author":[{"embeddable":true,"href":"https:\/\/edisonlithium.com\/de\/wp-json\/wp\/v2\/users\/1"}],"replies":[{"embeddable":true,"href":"https:\/\/edisonlithium.com\/de\/wp-json\/wp\/v2\/comments?post=1118"}],"version-history":[{"count":9,"href":"https:\/\/edisonlithium.com\/de\/wp-json\/wp\/v2\/pages\/1118\/revisions"}],"predecessor-version":[{"id":4195,"href":"https:\/\/edisonlithium.com\/de\/wp-json\/wp\/v2\/pages\/1118\/revisions\/4195"}],"wp:attachment":[{"href":"https:\/\/edisonlithium.com\/de\/wp-json\/wp\/v2\/media?parent=1118"}],"curies":[{"name":"wp","href":"https:\/\/api.w.org\/{rel}","templated":true}]}}