{"id":1104,"date":"2021-09-30T19:57:41","date_gmt":"2021-09-30T23:57:41","guid":{"rendered":"https:\/\/edisonlithium.com\/home\/"},"modified":"2022-11-11T13:47:01","modified_gmt":"2022-11-11T18:47:01","slug":"home","status":"publish","type":"page","link":"https:\/\/edisonlithium.com\/de\/","title":{"rendered":"Home"},"content":{"rendered":"<div class=\"wpb-content-wrapper\"><p>[vc_row full_width=&#8220;stretch_row_content_no_spaces&#8220; equal_height=&#8220;yes&#8220; css=&#8220;.vc_custom_1633209157124{padding-top: 0px !important;}&#8220;][vc_column]<div class=\"ws-counters-block-wrap d-flex\"><div class=\"ws-counters-block-img\" style=\"background-image:url(https:\/\/edisonlithium.com\/wp-content\/uploads\/2021\/10\/counters_block.jpg)\"><\/div><div class=\"ws-counters-block-content d-flex flex-column justify-content-center\" style=\"background-image:url(https:\/\/edisonlithium.com\/wp-content\/uploads\/2021\/10\/counters_content_bgr.svg);\">                <h1 class=\"ws-block-title\" style=\"text-align:left\">\n                    Schl\u00fcsselfakten zu Edison                <\/h1>\n            <div class=\"ws-counters-content\"><strong>LITHIUM<\/strong><\/p>\n<ul>\n<li>Wir haben die \u00dcbernahme von Resource Ventures S.A. (\u201eReVe\u201c) abgeschlossen, einem argentinischen Unternehmen, das die Rechte an \u00fcber 148.000 Hektar (365.708 Acres) aussichtsreicher Lithium-Sole-Claims in der argentinischen Provinz Catamarca besitzt oder kontrolliert.<\/li>\n<li>Die Claims befinden sich haupts\u00e4chlich in den beiden geologischen Becken, die als Antofalla Salar und Pipanaco Salar in S\u00fcdamerikas ber\u00fchmtem Lithiumdreieck bekannt sind.<\/li>\n<li>Das Grundst\u00fcck beherbergt Solen, die hohe Konzentrationen von Lithium (Li), Kalium (K) und Bor (B) enthalten.<\/li>\n<\/ul>\n<p>&nbsp;<\/p>\n<p><strong>KOBALT<\/strong><\/p>\n<ul>\n<li>Ende 2017 erwarben wir eine zus\u00e4tzliche 100-%-Beteiligung an 10 unpatentierten Bergbau-Claims mit insgesamt 140 Einheiten (etwa 2.240 Hektar).<\/li>\n<li>Acht neue Claims grenzen an das Grundst\u00fcck Kittson an und beherbergen vermutlich die westliche Erweiterung der Minenstrukturen Shakt-Davis und Edison.<\/li>\n<li>Zwei neue Claims 5 km s\u00fcdlich des Grundst\u00fccks Kittson umfassen ein Kobaltvorkommen, das bis zu 0,14 % Kobalt und 0,68 g\/t Gold ergab.<\/li>\n<li>Im Mai 2018 erwarb das Unternehmen die historische Thomas-Edison-Mine, die von Thomas Edison in den fr\u00fchen 1900er Jahren erschlossen wurde.<\/li>\n<li>Das Grundst\u00fcck Kittson besteht aus 216 unpatentierten Claims und einem patentierten Claim mit einer Gesamtfl\u00e4che von 4.440 Hektar.<\/li>\n<\/ul>\n<\/div><div class=\"counters_block odometers_start_desctop odometers_start_mobile\"><div class=\"row\">                        <div class=\"col-sm-4\">\n                            <div class=\"count-block d-flex flex-column align-items-start\">\n                                <div class=\"counter count odometer\"\n                                        data-start=\"0\"\n                                        data-stop=\"148000\"\n                                        data-time=\"1500\">\n                                        148000                                <\/div>\n                                <div class=\"count-content\">Hektar Lithium<\/div>                            <\/div>\n                        <\/div>\n                   \t                        <div class=\"col-sm-4\">\n                            <div class=\"count-block d-flex flex-column align-items-start\">\n                                <div class=\"counter count odometer\"\n                                        data-start=\"0\"\n                                        data-stop=\"4440\"\n                                        data-time=\"1500\">\n                                        4440                                <\/div>\n                                <div class=\"count-content\">Hektar Kobalt<\/div>                            <\/div>\n                        <\/div>\n                   \t                        <div class=\"col-sm-4\">\n                            <div class=\"count-block d-flex flex-column align-items-start\">\n                                <div class=\"counter count odometer\"\n                                        data-start=\"0\"\n                                        data-stop=\"2\"\n                                        data-time=\"1500\">\n                                        2                                <\/div>\n                                <div class=\"count-content\">L\u00e4nder<\/div>                            <\/div>\n                        <\/div>\n                   \t<\/div><\/div><\/div><\/div>[\/vc_column][\/vc_row][vc_section full_width=&#8220;stretch_row&#8220; css_animation=&#8220;bottom-to-top&#8220; css=&#8220;.vc_custom_1652786503499{padding-top: 70px !important;background: #fbfbfb url(https:\/\/edisonlithium.com\/wp-content\/uploads\/2021\/10\/whatwedo_bgr.svg?id=173) !important;background-position: center !important;background-repeat: no-repeat !important;background-size: contain !important;}&#8220;][vc_row][vc_column]<div class=\"ws-block-subtitle\" style=\"text-align:center\">Die Zukunft von Lithium erfassen<\/div>[\/vc_column][\/vc_row][vc_row equal_height=&#8220;yes&#8220; el_class=&#8220;equal-height-blocks&#8220;][vc_column width=&#8220;1\/2&#8243; offset=&#8220;vc_col-lg-4 vc_col-md-4&#8243;][vc_single_image image=&#8220;939&#8243; img_size=&#8220;full&#8220; alignment=&#8220;center&#8220; css=&#8220;.vc_custom_1633988930271{border-radius: 3px !important;}&#8220;][\/vc_column][vc_column width=&#8220;1\/2&#8243; offset=&#8220;vc_col-lg-4 vc_col-md-4&#8243;]<div class=\"ws-image-icon-wrap\" ><div class=\"ws-image-icon-border\" ><\/div><img decoding=\"async\" src=\"https:\/\/edisonlithium.com\/wp-content\/uploads\/2021\/10\/check-double.svg\" width=\"40\" alt=\"\" class=\"ws-image-icon\" >                    <h3 class=\"ws-image-icon-title\">Rasante Nachfrage<\/h3>\r\n            <div class=\"ws-image-icon-text\">Da die Nachfrage f\u00fcr Unterhaltungselektronik und Elektrofahrzeuge weiter steigt, wird der Lithiumpreis immer wichtiger f\u00fcr diese Konsumg\u00fcter werden.<\/div><\/div>[\/vc_column][vc_column width=&#8220;1\/2&#8243; offset=&#8220;vc_col-lg-4 vc_col-md-4&#8243; el_class=&#8220;vc_col-sm-push-6 vc_col-md-push-0&#8243;][vc_single_image image=&#8220;940&#8243; img_size=&#8220;full&#8220; alignment=&#8220;center&#8220; css=&#8220;.vc_custom_1633988945940{border-radius: 3px !important;}&#8220;][\/vc_column][vc_column width=&#8220;1\/2&#8243; offset=&#8220;vc_col-lg-4 vc_col-md-4&#8243; el_class=&#8220;vc_col-sm-pull-6 vc_col-md-pull-0&#8243;]<div class=\"ws-image-icon-wrap\" ><div class=\"ws-image-icon-border\" ><\/div><img decoding=\"async\" src=\"https:\/\/edisonlithium.com\/wp-content\/uploads\/2021\/10\/check-double.svg\" width=\"40\" alt=\"\" class=\"ws-image-icon\" >                    <h3 class=\"ws-image-icon-title\">Lithiumangebot und -nachfrage bis 2030<\/h3>\r\n            <div class=\"ws-image-icon-text\">Die steigende und anhaltende Nachfrage wird die Lieferkette bis 2030 strapazieren. Es wird erwartet, dass laufende und geplante Projekte bis 2025 liefern werden k\u00f6nnen, w\u00e4hrend von 2025 bis 2030 neue Lieferquellen erschlossen werden m\u00fcssen, um der Nachfrage gerecht zu werden.<\/div><\/div>[\/vc_column][vc_column width=&#8220;1\/2&#8243; offset=&#8220;vc_col-lg-4 vc_col-md-4&#8243;][vc_single_image image=&#8220;941&#8243; img_size=&#8220;full&#8220; alignment=&#8220;center&#8220; css=&#8220;.vc_custom_1633988961612{border-radius: 3px !important;}&#8220;][\/vc_column][vc_column width=&#8220;1\/2&#8243; offset=&#8220;vc_col-lg-4 vc_col-md-4&#8243;]<div class=\"ws-image-icon-wrap\" ><div class=\"ws-image-icon-border\" ><\/div><img decoding=\"async\" src=\"https:\/\/edisonlithium.com\/wp-content\/uploads\/2021\/10\/check-double.svg\" width=\"40\" alt=\"\" class=\"ws-image-icon\" >                    <h3 class=\"ws-image-icon-title\">Wachsende Nachfrage<\/h3>\r\n            <div class=\"ws-image-icon-text\">Gro\u00dfe Teile der Nachfrage kommen von Elektrofahrzeugherstellern wie Tesla (TSLA), Ford (F), General Motors (GM), Volkswagen (VWAGY) und BMW (BAMXF), aber auch aus der Elektronikindustrie, wie bspw. von Apple (AAPL) and Samsung (SSNLF).<\/div><\/div>[\/vc_column][\/vc_row][\/vc_section][vc_section css_animation=&#8220;bottom-to-top&#8220;][vc_row full_width=&#8220;stretch_row_content_no_spaces&#8220;][vc_column width=&#8220;1\/2&#8243; offset=&#8220;vc_col-md-3&#8243;]<div class=\"ws-image-text\"><picture>\r\n                <img decoding=\"async\" src=\"https:\/\/edisonlithium.com\/wp-content\/uploads\/2021\/10\/img1-1.jpg\"\r\n                     width=\"https:\/\/edisonlithium.com\/wp-content\/uploads\/2021\/10\/img1-1.jpg\"\r\n                     height=\"https:\/\/edisonlithium.com\/wp-content\/uploads\/2021\/10\/img1-1.jpg\"\r\n                     alt=\"\" >\r\n                <\/picture><div class=\"ws-text-block\"><h3 class=\"ws-text-block-title\">Unter den Hochl\u00e4ndern S\u00fcdamerikas<\/h3><div class=\"ws-text-block-content\">Unter den Hochland-Salzebenen S\u00fcdamerikas befindet sich die weltweit drittgr\u00f6\u00dfte Reserve des ultraleichten Batteriemetalls, dessen Preis aufgrund des globalen Trends zu umweltfreundlicheren Verkehrsmitteln im letzten Jahr in die H\u00f6he geschnellt ist.<\/div><\/div><\/div>[\/vc_column][vc_column width=&#8220;1\/2&#8243; offset=&#8220;vc_col-md-3&#8243;]<div class=\"ws-image-text\"><picture>\r\n                <img decoding=\"async\" src=\"https:\/\/edisonlithium.com\/wp-content\/uploads\/2021\/10\/img2-1.jpg\"\r\n                     width=\"https:\/\/edisonlithium.com\/wp-content\/uploads\/2021\/10\/img2-1.jpg\"\r\n                     height=\"https:\/\/edisonlithium.com\/wp-content\/uploads\/2021\/10\/img2-1.jpg\"\r\n                     alt=\"\" >\r\n                <\/picture><div class=\"ws-text-block\"><h3 class=\"ws-text-block-title\">Wei\u00dfes Gold<\/h3><div class=\"ws-text-block-content\">Im Norden Argentiniens nimmt der Ansturm auf das \u201awei\u00dfe Gold\u2019, das Elektrofahrzeugsmetall Lithium, an Fahrt auf.<\/div><\/div><\/div>[\/vc_column][vc_column width=&#8220;1\/2&#8243; offset=&#8220;vc_col-md-3&#8243;]<div class=\"ws-image-text\"><picture>\r\n                <img decoding=\"async\" src=\"https:\/\/edisonlithium.com\/wp-content\/uploads\/2021\/10\/img3-1.jpg\"\r\n                     width=\"https:\/\/edisonlithium.com\/wp-content\/uploads\/2021\/10\/img3-1.jpg\"\r\n                     height=\"https:\/\/edisonlithium.com\/wp-content\/uploads\/2021\/10\/img3-1.jpg\"\r\n                     alt=\"\" >\r\n                <\/picture><div class=\"ws-text-block\"><h3 class=\"ws-text-block-title\">Die Stille der W\u00fcstenlandschaft ist gebrochen<\/h3><div class=\"ws-text-block-content\">Die Stille der W\u00fcstenlandschaft wird in der abgelegenen Provinz im Norden Argentiniens nur durch das Summen der Maschinen unterbrochen, die Salzwasser f\u00fcr den Lithiumabbau abpumpen.<\/div><\/div><\/div>[\/vc_column][vc_column width=&#8220;1\/2&#8243; offset=&#8220;vc_col-md-3&#8243;]<div class=\"ws-image-text\"><picture>\r\n                <img decoding=\"async\" src=\"https:\/\/edisonlithium.com\/wp-content\/uploads\/2021\/10\/img4-1.jpg\"\r\n                     width=\"https:\/\/edisonlithium.com\/wp-content\/uploads\/2021\/10\/img4-1.jpg\"\r\n                     height=\"https:\/\/edisonlithium.com\/wp-content\/uploads\/2021\/10\/img4-1.jpg\"\r\n                     alt=\"\" >\r\n                <\/picture><div class=\"ws-text-block\"><h3 class=\"ws-text-block-title\">Argentinien, ein landwirtschaftliches Kraftzentrum<\/h3><div class=\"ws-text-block-content\">Argentinien k\u00f6nnte in weniger als einem Jahrzehnt der weltweit f\u00fchrende Lithiumproduzent werden.<\/div><\/div><\/div>[\/vc_column][\/vc_row][vc_row full_width=&#8220;stretch_row&#8220; equal_height=&#8220;yes&#8220; css=&#8220;.vc_custom_1634635687495{padding-bottom: 35px !important;background-image: url(https:\/\/edisonlithium.com\/wp-content\/uploads\/2021\/10\/whylithium_bgr.svg?id=175) !important;}&#8220; el_class=&#8220;left-bottom-bgr-position bgr-img-size100&#8243;][vc_column offset=&#8220;vc_col-md-8&#8243;]<div class=\"ws-block-subtitle\" style=\"text-align:left\">Mehr erfahren<\/div>        <h2 class=\"ws-block-title\" style=\"text-align:left; margin-bottom: 30px;\">\n            Warum Lithium?        <\/h2>\n    [vc_column_text css=&#8220;.vc_custom_1645032884309{margin-bottom: 10px !important;}&#8220;]Lithium ist aus drei Hauptgr\u00fcnden f\u00fcr Batterien eine gute Wahl.<\/p>\n<p><b>Erstens<\/b> ist es sehr reaktiv. Da es sein \u00e4u\u00dferstes Elektron sehr leicht verliert, ist es einfach, Strom durch eine Batterie flie\u00dfen zu lassen.<\/p>\n<p><b>Zweitens<\/b> ist Lithium das leichteste Metall des Periodensystems. Es ist viel leichter als andere Metalle, die in Batterien verwendet werden, z. B. Blei, was f\u00fcr kleine Gegenst\u00e4nde wie Telefone wichtig ist, aber auch f\u00fcr Autos, die viele Batterien ben\u00f6tigen.<\/p>\n<p><strong>Drittens<\/strong> sind Lithium-Ionen-Batterien wiederaufladbar, weil Lithiumionen und Elektronen sehr leicht in negative Elektroden zur\u00fcckwandern.[\/vc_column_text][vc_row_inner][vc_column_inner width=&#8220;1\/2&#8243;][vc_column_text css=&#8220;.vc_custom_1645033045285{padding-top: 15px !important;}&#8220;]<\/p>\n<ul>\n<li>Lithium ist ein Metall, das aus der Erde gewonnen wird und auf den Rohstoffm\u00e4rkten gehandelt wird. Nach Wasserstoff und Helium ist Lithium das drittniedrigste Element im Periodensystem und enth\u00e4lt nur drei Protonen und drei Elektronen.<\/li>\n<li>Lithium-Ionen-Batterien bieten bei einer Entladetiefe von 80 % eine mehr als f\u00fcnfmal so lange Lebensdauer wie herk\u00f6mmliche Blei-S\u00e4ure-Batterien und k\u00f6nnen problemlos 2.000 Zyklen \u00fcberstehen. Dieser Batterietyp wird in \u00fcber 70 Arten von Unterhaltungselektronik und Elektrofahrzeugen eingesetzt.<\/li>\n<li>Lithiumbatterien sind leichter als Blei-S\u00e4ure-Batterien und haben beim Starten mehr Leistung. Au\u00dferdem halten sie bei der Entladung eine h\u00f6here Spannung aus als eine vergleichbar gro\u00dfe Blei-S\u00e4ure-Batterie.<\/li>\n<li>Lithiumbatterien haben einen Wirkungsgrad von 96 % bei der Umwandlung der zugef\u00fchrten Energie in gespeicherte Energie. Blei-S\u00e4ure-Batterien haben einen Wirkungsgrad von etwa 75 %.<\/li>\n<li>Lithiumbatterien erzeugen mehr Energie pro Pfund als Blei-S\u00e4ure-Batterien und ben\u00f6tigen deutlich weniger Material. Das Ergebnis ist eine sehr leichte Batterie.<\/li>\n<li>Lithium-Ionen-Batterien nehmen den Ladestrom bis zu f\u00fcnfmal schneller auf als Blei-S\u00e4ure-Batterien und eignen sich daher hervorragend f\u00fcr Schnellladezyklen. In der Regel kann die Batterie in weniger als einer Stunde vollst\u00e4ndig aufgeladen werden.<\/li>\n<\/ul>\n<p>[\/vc_column_text][\/vc_column_inner][vc_column_inner width=&#8220;1\/2&#8243;]<div class=\"ws-four-images-block row flex-wrap wpb_content_element\"><div class=\"col-12\"><div class=\"ws-four-images1\">\r\n                    <img loading=\"lazy\" decoding=\"async\" src=\"https:\/\/edisonlithium.com\/wp-content\/uploads\/2021\/10\/lithium-med.jpg\" width=\"370\" height=\"310\" alt=\"\">\r\n                <\/div><\/div><div class=\"col-6\"><div class=\"ws-four-images2\">\r\n                    <img loading=\"lazy\" decoding=\"async\" src=\"https:\/\/edisonlithium.com\/wp-content\/uploads\/2021\/10\/lithium-med2.jpg\" width=\"170\" height=\"310\" alt=\"\">\r\n                <\/div><\/div><div class=\"col-6\"><div class=\"ws-four-images3\">\r\n                    <img loading=\"lazy\" decoding=\"async\" src=\"https:\/\/edisonlithium.com\/wp-content\/uploads\/2021\/10\/lithium-small1.jpg\" width=\"170\" height=\"140\" alt=\"\">\r\n                <\/div><div class=\"ws-four-images4\">\r\n                    <img loading=\"lazy\" decoding=\"async\" src=\"https:\/\/edisonlithium.com\/wp-content\/uploads\/2021\/10\/lithium-small2.jpg\" width=\"170\" height=\"140\" alt=\"\">\r\n                <\/div><\/div><\/div>[\/vc_column_inner][\/vc_row_inner][\/vc_column][vc_column offset=&#8220;vc_col-md-4&#8243;]<div class=\"ws-cover-image\">\r\n                    <img loading=\"lazy\" decoding=\"async\" src=\"https:\/\/edisonlithium.com\/wp-content\/uploads\/2021\/10\/lithium-big.jpg\" width=\"370\" height=\"860\" alt=\"\">\r\n         <\/div>[\/vc_column][\/vc_row][\/vc_section][vc_section css_animation=&#8220;bottom-to-top&#8220;][vc_row full_width=&#8220;stretch_row_content_no_spaces&#8220;][vc_column css=&#8220;.vc_custom_1633949605651{padding-top: 0px !important;}&#8220;]<div class=\"ws-double-block d-flex position-right\" style=\"background-color:#fbfbfb;\" ><div class=\"ws-double-block-text d-flex align-items-center\"\r\n              style=\"color:#2c2c2c; background-image:url(https:\/\/edisonlithium.com\/wp-content\/uploads\/2021\/10\/lithium_bgr.svg);\"><div>                <h2 class=\"ws-block-title\" style=\"text-align:left\">\r\n                    Grundst\u00fccke                <\/h2>\r\n            <div class=\"ws-double-content\">\n<h4><strong>Lithium<\/strong><\/h4>\n<p><strong>Salar de Antofalla (\u201cAntofalla\u201d)<\/strong><\/p>\n<p>Der Salar de Antofalla liegt weniger als 20 km westlich von Livents lithiumproduzierendem Betrieb in der n\u00f6rdlichen Provinz Catamarca und beherbergt eines der gr\u00f6\u00dften lithiumhaltigen Becken der Region. Es ist \u00fcber 130 km lang und variiert zwischen 5 km und 20 km im Durchmesser.<\/p>\n<p>Die Besitzt\u00fcmer von ReVe in und um den Antofalla Salar bestehen aus etwa 107.000 Hektar (264.397 Acres) halb zusammenh\u00e4ngender Claims im n\u00f6rdlichen und s\u00fcdlichen Teil dieses Salars, die zu beiden Seiten der Besitzungen von Albermarle im Zentrum dieses Salars liegen.<\/div><a href=\"https:\/\/edisonlithium.com\/de\/lithium-grundstueck\/\" class=\"button \"  >Mehr dar\u00fcber<\/a><\/div><\/div><div class=\"ws-double-block-img\" style=\"background-image:url(https:\/\/edisonlithium.com\/wp-content\/uploads\/2021\/10\/lithium.jpg)\"><\/div><\/div><div class=\"ws-double-block d-flex position-left\" style=\"background-color:#fbfbfb;\" ><div class=\"ws-double-block-text d-flex align-items-center\"\r\n              style=\"color:#2c2c2c; background-image:url(https:\/\/edisonlithium.com\/wp-content\/uploads\/2021\/10\/cobalt_bgr.svg);\"><div><div class=\"ws-double-content\"><strong>Salar de Pipanaco (\u201cPipanaco\u201d)<\/strong><\/p>\n<p>Die Claims von ReVe im Salar Pipanaco bestehen aus \u00fcber 41.000 Hektar (101.311 Acres) Kerngebieten in diesem Salar, der etwa 50 km westlich der Stadt Catamarca liegt.<\/div><a href=\"https:\/\/edisonlithium.com\/de\/lithium-grundstueck\/\" class=\"button \"  >Mehr dar\u00fcber<\/a><\/div><\/div><div class=\"ws-double-block-img\" style=\"background-image:url(https:\/\/edisonlithium.com\/wp-content\/uploads\/2021\/11\/Salar-Argentina-1.jpg)\"><\/div><\/div>[\/vc_column][\/vc_row][\/vc_section][vc_section css_animation=&#8220;bottom-to-top&#8220;][vc_row full_width=&#8220;stretch_row&#8220; css=&#8220;.vc_custom_1633964060202{padding-top: 35px !important;padding-bottom: 15px !important;background-image: url(https:\/\/edisonlithium.com\/wp-content\/uploads\/2021\/10\/news_bgr.svg?id=183) !important;background-position: center !important;background-repeat: no-repeat !important;background-size: cover !important;}&#8220;][vc_column]<div class=\"ws-block-subtitle\" style=\"text-align:center\">Neueste Firmeninformationen<\/div>        <h2 class=\"ws-block-title\" style=\"text-align:center; margin-bottom: 30px;\">\n            News        <\/h2>\n            <div class=\"wrap_news_block row\">\n                            <div class=\"news_block_item col-md-6\">\n                    <a href=\"https:\/\/edisonlithium.com\/de\/globex-options-joutel-north-west-and-gagne-gold-properties-to-edison-lithium-corp\/\" class=\"news-item-link\">\n\n                        <img decoding=\"async\"  src=\"https:\/\/edisonlithium.com\/wp-content\/uploads\/2021\/11\/eddylithium-blog.png\"  title=\"\"  alt=\"Globex Options Joutel North-West and Gagne Gold Properties to Edison Lithium Corp.\"  class=\"item-img\" \/>\n                        <div class=\"news_block_item_date\">2. M\u00e4rz 2026<\/div>    \t\t\t\t\t<h4 class=\"news-item\">Globex Options Joutel North-West and Gagne Gold Properties to Edison Lithium Corp.<\/h4>\n                    <\/a>\n                <\/div>\n                            <div class=\"news_block_item col-md-6\">\n                    <a href=\"https:\/\/edisonlithium.com\/de\/edison-lithium-closes-private-placement-financing\/\" class=\"news-item-link\">\n\n                        <img decoding=\"async\"  src=\"https:\/\/edisonlithium.com\/wp-content\/uploads\/2021\/11\/eddylithium-blog.png\"  title=\"\"  alt=\"Edison Lithium Closes Private Placement Financing\"  class=\"item-img\" \/>\n                        <div class=\"news_block_item_date\">9. Februar 2026<\/div>    \t\t\t\t\t<h4 class=\"news-item\">Edison Lithium Closes Private Placement Financing<\/h4>\n                    <\/a>\n                <\/div>\n                            <div class=\"news_block_item col-md-6\">\n                    <a href=\"https:\/\/edisonlithium.com\/de\/edison-lithium-announces-private-placement-financing\/\" class=\"news-item-link\">\n\n                        <img decoding=\"async\"  src=\"https:\/\/edisonlithium.com\/wp-content\/uploads\/2021\/11\/eddylithium-blog.png\"  title=\"\"  alt=\"Edison Lithium Announces Private Placement Financing\"  class=\"item-img\" \/>\n                        <div class=\"news_block_item_date\">17. Dezember 2025<\/div>    \t\t\t\t\t<h4 class=\"news-item\">Edison Lithium Announces Private Placement Financing<\/h4>\n                    <\/a>\n                <\/div>\n                            <div class=\"news_block_item col-md-6\">\n                    <a href=\"https:\/\/edisonlithium.com\/de\/edison-lithium-meldet-beendigung-der-absichtserklaerung-loi-ueber-den-verkauf-einer-mehrheitsbeteiligung-an-argentinischen-lithiumkonzessionen-2\/\" class=\"news-item-link\">\n\n                        <img decoding=\"async\"  src=\"https:\/\/edisonlithium.com\/wp-content\/uploads\/2021\/11\/eddylithium-blog.png\"  title=\"\"  alt=\"Edison Lithium meldet Beendigung der Absichtserkl\u00e4rung (LOI) \u00fcber den Verkauf einer Mehrheitsbeteiligung an argentinischen Lithiumkonzessionen\"  class=\"item-img\" \/>\n                        <div class=\"news_block_item_date\">19. August 2025<\/div>    \t\t\t\t\t<h4 class=\"news-item\">Edison Lithium meldet Beendigung der Absichtserkl\u00e4rung (LOI) \u00fcber den Verkauf einer Mehrheitsbeteiligung an argentinischen Lithiumkonzessionen<\/h4>\n                    <\/a>\n                <\/div>\n                        <p class=\"aligncenter\"><a class=\"button\" href=\"https:\/\/edisonlithium.com\/de\/news\/\">Alle News ansehen<\/a><\/p>\n        <\/div>\n    [\/vc_column][\/vc_row][\/vc_section]<\/p>\n<\/div>","protected":false},"excerpt":{"rendered":"<p>[vc_row full_width=&#8220;stretch_row_content_no_spaces&#8220; equal_height=&#8220;yes&#8220; css=&#8220;.vc_custom_1633209157124{padding-top: 0px !important;}&#8220;][vc_column][\/vc_column][\/vc_row][vc_section full_width=&#8220;stretch_row&#8220; css_animation=&#8220;bottom-to-top&#8220; css=&#8220;.vc_custom_1652786503499{padding-top: 70px !important;background: #fbfbfb url(https:\/\/edisonlithium.com\/wp-content\/uploads\/2021\/10\/whatwedo_bgr.svg?id=173) !important;background-position: center !important;background-repeat: no-repeat !important;background-size: contain !important;}&#8220;][vc_row][vc_column][\/vc_column][\/vc_row][vc_row equal_height=&#8220;yes&#8220; el_class=&#8220;equal-height-blocks&#8220;][vc_column width=&#8220;1\/2&#8243; offset=&#8220;vc_col-lg-4 vc_col-md-4&#8243;][vc_single_image image=&#8220;939&#8243; img_size=&#8220;full&#8220; alignment=&#8220;center&#8220; css=&#8220;.vc_custom_1633988930271{border-radius: 3px !important;}&#8220;][\/vc_column][vc_column width=&#8220;1\/2&#8243; offset=&#8220;vc_col-lg-4 vc_col-md-4&#8243;][\/vc_column][vc_column width=&#8220;1\/2&#8243; offset=&#8220;vc_col-lg-4 vc_col-md-4&#8243; el_class=&#8220;vc_col-sm-push-6 vc_col-md-push-0&#8243;][vc_single_image image=&#8220;940&#8243; img_size=&#8220;full&#8220; alignment=&#8220;center&#8220; css=&#8220;.vc_custom_1633988945940{border-radius: 3px !important;}&#8220;][\/vc_column][vc_column width=&#8220;1\/2&#8243; offset=&#8220;vc_col-lg-4 vc_col-md-4&#8243; el_class=&#8220;vc_col-sm-pull-6 vc_col-md-pull-0&#8243;][\/vc_column][vc_column width=&#8220;1\/2&#8243; offset=&#8220;vc_col-lg-4 vc_col-md-4&#8243;][vc_single_image image=&#8220;941&#8243; img_size=&#8220;full&#8220; [&hellip;]<\/p>\n","protected":false},"author":1,"featured_media":0,"parent":0,"menu_order":0,"comment_status":"closed","ping_status":"closed","template":"page-home.php","meta":{"_acf_changed":false,"inline_featured_image":false,"footnotes":""},"class_list":["post-1104","page","type-page","status-publish","hentry"],"acf":[],"_links":{"self":[{"href":"https:\/\/edisonlithium.com\/de\/wp-json\/wp\/v2\/pages\/1104","targetHints":{"allow":["GET"]}}],"collection":[{"href":"https:\/\/edisonlithium.com\/de\/wp-json\/wp\/v2\/pages"}],"about":[{"href":"https:\/\/edisonlithium.com\/de\/wp-json\/wp\/v2\/types\/page"}],"author":[{"embeddable":true,"href":"https:\/\/edisonlithium.com\/de\/wp-json\/wp\/v2\/users\/1"}],"replies":[{"embeddable":true,"href":"https:\/\/edisonlithium.com\/de\/wp-json\/wp\/v2\/comments?post=1104"}],"version-history":[{"count":15,"href":"https:\/\/edisonlithium.com\/de\/wp-json\/wp\/v2\/pages\/1104\/revisions"}],"predecessor-version":[{"id":1106,"href":"https:\/\/edisonlithium.com\/de\/wp-json\/wp\/v2\/pages\/1104\/revisions\/1106"}],"wp:attachment":[{"href":"https:\/\/edisonlithium.com\/de\/wp-json\/wp\/v2\/media?parent=1104"}],"curies":[{"name":"wp","href":"https:\/\/api.w.org\/{rel}","templated":true}]}}